{"id":403068,"date":"2025-05-15T15:25:40","date_gmt":"2025-05-15T15:25:40","guid":{"rendered":"https:\/\/irankiuzona.lt\/product\/stabdziu-vamzdeliu-valcavimo-komplektas-3-19mm-2\/"},"modified":"2026-04-15T19:04:28","modified_gmt":"2026-04-15T19:04:28","slug":"stabdziu-vamzdeliu-valcavimo-komplektas-3-19mm-2","status":"publish","type":"product","link":"https:\/\/irankiuzona.lt\/ru\/product\/stabdziu-vamzdeliu-valcavimo-komplektas-3-19mm-2\/","title":{"rendered":"Stabd\u017ei\u0173 vamzdeli\u0173 valcavimo komplektas 3-19mm"},"content":{"rendered":"<p>Komplekto turinys4 kei\u010diami antgaliai (3 &#8211; 19 mm) vamzd\u017ei\u0173 ir kabeli\u0173 i\u0161pl\u0117timui2 \u0161tampai su 3, 5, 6, 8, 10, 12, 14, 15, 16, 19 mm skylut\u0117misk\u016bginis presas su antgaliu 45 \u00b0 i\u0161sipl\u0117timuiSvoris:1,65kg<\/p>","protected":false},"excerpt":{"rendered":"<p>Stabd\u017ei\u0173 vamzdeli\u0173 valcavimo komplektas 3-19mm<\/p>","protected":false},"featured_media":249376,"comment_status":"open","ping_status":"open","template":"","meta":[],"product_cat":[9567],"product_tag":[9810],"class_list":{"0":"post-403068","1":"product","2":"type-product","3":"status-publish","4":"has-post-thumbnail","6":"product_brand-geko-lenkija","7":"product_cat-vamzdeliu-valcavimui","8":"product_tag-geko-lenkija","10":"first","11":"outofstock","12":"purchasable","13":"product-type-simple"},"jetpack_sharing_enabled":true,"_links":{"self":[{"href":"https:\/\/irankiuzona.lt\/ru\/wp-json\/wp\/v2\/product\/403068","targetHints":{"allow":["GET"]}}],"collection":[{"href":"https:\/\/irankiuzona.lt\/ru\/wp-json\/wp\/v2\/product"}],"about":[{"href":"https:\/\/irankiuzona.lt\/ru\/wp-json\/wp\/v2\/types\/product"}],"replies":[{"embeddable":true,"href":"https:\/\/irankiuzona.lt\/ru\/wp-json\/wp\/v2\/comments?post=403068"}],"version-history":[{"count":1,"href":"https:\/\/irankiuzona.lt\/ru\/wp-json\/wp\/v2\/product\/403068\/revisions"}],"predecessor-version":[{"id":418466,"href":"https:\/\/irankiuzona.lt\/ru\/wp-json\/wp\/v2\/product\/403068\/revisions\/418466"}],"wp:featuredmedia":[{"embeddable":true,"href":"https:\/\/irankiuzona.lt\/ru\/wp-json\/wp\/v2\/media\/249376"}],"wp:attachment":[{"href":"https:\/\/irankiuzona.lt\/ru\/wp-json\/wp\/v2\/media?parent=403068"}],"wp:term":[{"taxonomy":"product_cat","embeddable":true,"href":"https:\/\/irankiuzona.lt\/ru\/wp-json\/wp\/v2\/product_cat?post=403068"},{"taxonomy":"product_tag","embeddable":true,"href":"https:\/\/irankiuzona.lt\/ru\/wp-json\/wp\/v2\/product_tag?post=403068"}],"curies":[{"name":"wp","href":"https:\/\/api.w.org\/{rel}","templated":true}]}}