{"id":403074,"date":"2025-05-15T15:26:02","date_gmt":"2025-05-15T15:26:02","guid":{"rendered":"https:\/\/irankiuzona.lt\/product\/volframiniu-grezimo-karunu-komplektas-22-73mm-2\/"},"modified":"2026-04-16T02:39:10","modified_gmt":"2026-04-16T02:39:10","slug":"volframiniu-grezimo-karunu-komplektas-22-73mm-2","status":"publish","type":"product","link":"https:\/\/irankiuzona.lt\/ru\/product\/volframiniu-grezimo-karunu-komplektas-22-73mm-2\/","title":{"rendered":"Volframini\u0173 gr\u0119\u017eimo kar\u016bn\u0173 komplektas (22-73mm)"},"content":{"rendered":"<p>Rinkinys. 22\u201373 mmTiksli\u0173 gr\u0105\u017et\u0173 su volframo karbido danga rinkinys gipso kartono plok\u0161t\u0117ms,gipso plytel\u0117ms.22mm, 28mm, 35mm, 44mm, 68mm, 73mmSvoris:0,71kg<\/p>","protected":false},"excerpt":{"rendered":"<p>Volframini\u0173 gr\u0119\u017eimo kar\u016bn\u0173 komplektas (22-73mm)<\/p>","protected":false},"featured_media":249412,"comment_status":"open","ping_status":"open","template":"","meta":[],"product_cat":[9580],"product_tag":[9810],"class_list":{"0":"post-403074","1":"product","2":"type-product","3":"status-publish","4":"has-post-thumbnail","6":"product_brand-geko-lenkija","7":"product_cat-volframines-grezimo-karunos","8":"product_tag-geko-lenkija","10":"first","11":"instock","12":"purchasable","13":"product-type-simple"},"jetpack_sharing_enabled":true,"_links":{"self":[{"href":"https:\/\/irankiuzona.lt\/ru\/wp-json\/wp\/v2\/product\/403074","targetHints":{"allow":["GET"]}}],"collection":[{"href":"https:\/\/irankiuzona.lt\/ru\/wp-json\/wp\/v2\/product"}],"about":[{"href":"https:\/\/irankiuzona.lt\/ru\/wp-json\/wp\/v2\/types\/product"}],"replies":[{"embeddable":true,"href":"https:\/\/irankiuzona.lt\/ru\/wp-json\/wp\/v2\/comments?post=403074"}],"version-history":[{"count":1,"href":"https:\/\/irankiuzona.lt\/ru\/wp-json\/wp\/v2\/product\/403074\/revisions"}],"predecessor-version":[{"id":418475,"href":"https:\/\/irankiuzona.lt\/ru\/wp-json\/wp\/v2\/product\/403074\/revisions\/418475"}],"wp:featuredmedia":[{"embeddable":true,"href":"https:\/\/irankiuzona.lt\/ru\/wp-json\/wp\/v2\/media\/249412"}],"wp:attachment":[{"href":"https:\/\/irankiuzona.lt\/ru\/wp-json\/wp\/v2\/media?parent=403074"}],"wp:term":[{"taxonomy":"product_cat","embeddable":true,"href":"https:\/\/irankiuzona.lt\/ru\/wp-json\/wp\/v2\/product_cat?post=403074"},{"taxonomy":"product_tag","embeddable":true,"href":"https:\/\/irankiuzona.lt\/ru\/wp-json\/wp\/v2\/product_tag?post=403074"}],"curies":[{"name":"wp","href":"https:\/\/api.w.org\/{rel}","templated":true}]}}