{"id":403078,"date":"2025-05-15T15:28:58","date_gmt":"2025-05-15T15:28:58","guid":{"rendered":"https:\/\/irankiuzona.lt\/product\/antgaliu-komplektas-40-daliu-2\/"},"modified":"2026-03-18T11:00:15","modified_gmt":"2026-03-18T11:00:15","slug":"antgaliu-komplektas-40-daliu-2","status":"publish","type":"product","link":"https:\/\/irankiuzona.lt\/ru\/product\/antgaliu-komplektas-40-daliu-2\/","title":{"rendered":"Antgali\u0173 komplektas  \/ 40 dali\u0173"},"content":{"rendered":"<p>Pakuot\u0117s turinys:\u00a0\u00a0\u00a0 1\/2 &quot;kvadratinio pavaros adapteris\u00a0\u00a0\u00a0 1\/4 &quot;kvadratinio disko adapteris\u00a0\u00a0\u00a0 TORX ilgieji antgaliai 75 mm: T20, T25, T30, T40, T45, T50, T55\u00a0\u00a0\u00a0 Trumpi TORX antgaliai 30 mm: T20, T25, T30, T40, T45, T50, T55\u00a0\u00a0\u00a0 Ilgi spyruokliniai antgaliai 75 mm: M5, M6, M8, M10, M12\u00a0\u00a0\u00a0 Trumpi spyruokliniai antgaliai 30 mm: M5, M6, M8, M10, M12\u00a0\u00a0\u00a0 HEX ilgieji antgaliai 75 mm: H4, H5, H6, H7, H8, H10, H12\u00a0\u00a0\u00a0 HEX trumpi antgaliai 30 mm: H4, H5, H6, H7, H8, H10, H12\u00a0\u00a0\u00a0 plastikin\u0117 d\u0117\u017e\u0117\u00a0\u00a0\u00a0 Svoris 1,6kg<\/p>","protected":false},"excerpt":{"rendered":"<p>Antgali\u0173 komplektas \/ TORX &#8211; HEX &#8211; SPLINE \/ 41 dali\u0173<\/p>","protected":false},"featured_media":249741,"comment_status":"open","ping_status":"open","template":"","meta":[],"product_cat":[9502],"product_tag":[9810],"class_list":{"0":"post-403078","1":"product","2":"type-product","3":"status-publish","4":"has-post-thumbnail","6":"product_brand-geko-lenkija","7":"product_cat-antgaliu-komplektai","8":"product_tag-geko-lenkija","10":"first","11":"outofstock","12":"purchasable","13":"product-type-simple"},"jetpack_sharing_enabled":true,"_links":{"self":[{"href":"https:\/\/irankiuzona.lt\/ru\/wp-json\/wp\/v2\/product\/403078","targetHints":{"allow":["GET"]}}],"collection":[{"href":"https:\/\/irankiuzona.lt\/ru\/wp-json\/wp\/v2\/product"}],"about":[{"href":"https:\/\/irankiuzona.lt\/ru\/wp-json\/wp\/v2\/types\/product"}],"replies":[{"embeddable":true,"href":"https:\/\/irankiuzona.lt\/ru\/wp-json\/wp\/v2\/comments?post=403078"}],"version-history":[{"count":1,"href":"https:\/\/irankiuzona.lt\/ru\/wp-json\/wp\/v2\/product\/403078\/revisions"}],"predecessor-version":[{"id":418579,"href":"https:\/\/irankiuzona.lt\/ru\/wp-json\/wp\/v2\/product\/403078\/revisions\/418579"}],"wp:featuredmedia":[{"embeddable":true,"href":"https:\/\/irankiuzona.lt\/ru\/wp-json\/wp\/v2\/media\/249741"}],"wp:attachment":[{"href":"https:\/\/irankiuzona.lt\/ru\/wp-json\/wp\/v2\/media?parent=403078"}],"wp:term":[{"taxonomy":"product_cat","embeddable":true,"href":"https:\/\/irankiuzona.lt\/ru\/wp-json\/wp\/v2\/product_cat?post=403078"},{"taxonomy":"product_tag","embeddable":true,"href":"https:\/\/irankiuzona.lt\/ru\/wp-json\/wp\/v2\/product_tag?post=403078"}],"curies":[{"name":"wp","href":"https:\/\/api.w.org\/{rel}","templated":true}]}}