{"id":403080,"date":"2025-05-15T15:29:26","date_gmt":"2025-05-15T15:29:26","guid":{"rendered":"https:\/\/irankiuzona.lt\/product\/kondicionieriaus-a-c-skriemulio-nuemimo-komplektas-4\/"},"modified":"2026-04-20T08:46:56","modified_gmt":"2026-04-20T08:46:56","slug":"kondicionieriaus-a-c-skriemulio-nuemimo-komplektas-4","status":"publish","type":"product","link":"https:\/\/irankiuzona.lt\/ru\/product\/kondicionieriaus-a-c-skriemulio-nuemimo-komplektas-4\/","title":{"rendered":"Kondicionieriaus A\/C skriemulio nu\u0117mimo komplektas"},"content":{"rendered":"<p>Oro kondicionieriaus kompresoriaus sankabos traukiklis Komplektas naudojamas i\u0161ardyti sankab\u0105 \u0161iuose kompresoriuose: Fs6, C171, 6P ir 148, GM R4 ir A6, Hr6, DA-6 ir V5 Sanden SD 505, 507, 510, 575, 708, 709 ir kt Galimyb\u0117 pritvirtinti du ar tris var\u017etus leid\u017eia panaudoti daugumai sankab\u0173.<\/p>","protected":false},"excerpt":{"rendered":"<p>Kondicionieriaus A\/C skriemulio nu\u0117mimo komplektas<\/p>","protected":false},"featured_media":249780,"comment_status":"open","ping_status":"open","template":"","meta":[],"product_cat":[9789],"product_tag":[9810],"class_list":{"0":"post-403080","1":"product","2":"type-product","3":"status-publish","4":"has-post-thumbnail","6":"product_brand-geko-lenkija","7":"product_cat-iranga-kondicionieriu-pildymui-priedai","8":"product_tag-geko-lenkija","10":"first","11":"outofstock","12":"purchasable","13":"product-type-simple"},"jetpack_sharing_enabled":true,"_links":{"self":[{"href":"https:\/\/irankiuzona.lt\/ru\/wp-json\/wp\/v2\/product\/403080","targetHints":{"allow":["GET"]}}],"collection":[{"href":"https:\/\/irankiuzona.lt\/ru\/wp-json\/wp\/v2\/product"}],"about":[{"href":"https:\/\/irankiuzona.lt\/ru\/wp-json\/wp\/v2\/types\/product"}],"replies":[{"embeddable":true,"href":"https:\/\/irankiuzona.lt\/ru\/wp-json\/wp\/v2\/comments?post=403080"}],"version-history":[{"count":1,"href":"https:\/\/irankiuzona.lt\/ru\/wp-json\/wp\/v2\/product\/403080\/revisions"}],"predecessor-version":[{"id":418591,"href":"https:\/\/irankiuzona.lt\/ru\/wp-json\/wp\/v2\/product\/403080\/revisions\/418591"}],"wp:featuredmedia":[{"embeddable":true,"href":"https:\/\/irankiuzona.lt\/ru\/wp-json\/wp\/v2\/media\/249780"}],"wp:attachment":[{"href":"https:\/\/irankiuzona.lt\/ru\/wp-json\/wp\/v2\/media?parent=403080"}],"wp:term":[{"taxonomy":"product_cat","embeddable":true,"href":"https:\/\/irankiuzona.lt\/ru\/wp-json\/wp\/v2\/product_cat?post=403080"},{"taxonomy":"product_tag","embeddable":true,"href":"https:\/\/irankiuzona.lt\/ru\/wp-json\/wp\/v2\/product_tag?post=403080"}],"curies":[{"name":"wp","href":"https:\/\/api.w.org\/{rel}","templated":true}]}}