{"id":403090,"date":"2025-05-15T15:30:33","date_gmt":"2025-05-15T15:30:33","guid":{"rendered":"https:\/\/irankiuzona.lt\/product\/universalus-raktas-degalu-bakui-75-160mm-3\/"},"modified":"2026-05-14T14:54:16","modified_gmt":"2026-05-14T14:54:16","slug":"universalus-raktas-degalu-bakui-75-160mm-3","status":"publish","type":"product","link":"https:\/\/irankiuzona.lt\/ru\/product\/universalus-raktas-degalu-bakui-75-160mm-3\/","title":{"rendered":"Universalus raktas degal\u0173 bakui 75-160mm"},"content":{"rendered":"<p>Prek\u0117s savyb\u0117sDarbinis diapazonas nuo 75 mm iki 160 mmChromuota3 rank\u0173 konstrukcija24 mm Svoris:0,6kg<\/p>","protected":false},"excerpt":{"rendered":"<p>Universalus raktas degal\u0173 bakui 75-160mm<\/p>","protected":false},"featured_media":249843,"comment_status":"open","ping_status":"open","template":"","meta":[],"product_cat":[9614],"product_tag":[9810],"class_list":{"0":"post-403090","1":"product","2":"type-product","3":"status-publish","4":"has-post-thumbnail","6":"product_brand-geko-lenkija","7":"product_cat-irankiai-kuro-bakui-kuro-filtrui","8":"product_tag-geko-lenkija","10":"first","11":"instock","12":"purchasable","13":"product-type-simple"},"jetpack_sharing_enabled":true,"_links":{"self":[{"href":"https:\/\/irankiuzona.lt\/ru\/wp-json\/wp\/v2\/product\/403090","targetHints":{"allow":["GET"]}}],"collection":[{"href":"https:\/\/irankiuzona.lt\/ru\/wp-json\/wp\/v2\/product"}],"about":[{"href":"https:\/\/irankiuzona.lt\/ru\/wp-json\/wp\/v2\/types\/product"}],"replies":[{"embeddable":true,"href":"https:\/\/irankiuzona.lt\/ru\/wp-json\/wp\/v2\/comments?post=403090"}],"version-history":[{"count":1,"href":"https:\/\/irankiuzona.lt\/ru\/wp-json\/wp\/v2\/product\/403090\/revisions"}],"predecessor-version":[{"id":418613,"href":"https:\/\/irankiuzona.lt\/ru\/wp-json\/wp\/v2\/product\/403090\/revisions\/418613"}],"wp:featuredmedia":[{"embeddable":true,"href":"https:\/\/irankiuzona.lt\/ru\/wp-json\/wp\/v2\/media\/249843"}],"wp:attachment":[{"href":"https:\/\/irankiuzona.lt\/ru\/wp-json\/wp\/v2\/media?parent=403090"}],"wp:term":[{"taxonomy":"product_cat","embeddable":true,"href":"https:\/\/irankiuzona.lt\/ru\/wp-json\/wp\/v2\/product_cat?post=403090"},{"taxonomy":"product_tag","embeddable":true,"href":"https:\/\/irankiuzona.lt\/ru\/wp-json\/wp\/v2\/product_tag?post=403090"}],"curies":[{"name":"wp","href":"https:\/\/api.w.org\/{rel}","templated":true}]}}