{"id":403096,"date":"2025-05-15T15:30:43","date_gmt":"2025-05-15T15:30:43","guid":{"rendered":"https:\/\/irankiuzona.lt\/product\/sarnyru-traukiu-nuemeju-komplektas-23-28-34mm-2\/"},"modified":"2026-04-13T11:51:20","modified_gmt":"2026-04-13T11:51:20","slug":"sarnyru-traukiu-nuemeju-komplektas-23-28-34mm-2","status":"publish","type":"product","link":"https:\/\/irankiuzona.lt\/ru\/product\/sarnyru-traukiu-nuemeju-komplektas-23-28-34mm-2\/","title":{"rendered":"\u0160arnyr\u0173, trauki\u0173 nu\u0117m\u0117j\u0173 komplektas 23-28-34mm"},"content":{"rendered":"<p>Labai tinka siauroms erdv\u0117msTinka dirbant ribotose erdv\u0117seSmulkus var\u017eto sriegis23x55, 28&#215;55, 34&#215;63 mmSvoris:3,24kg<\/p>","protected":false},"excerpt":{"rendered":"<p>\u0160arnyr\u0173, trauki\u0173 nu\u0117m\u0117j\u0173 komplektas 23-28-34mm<\/p>","protected":false},"featured_media":249852,"comment_status":"open","ping_status":"open","template":"","meta":[],"product_cat":[9528],"product_tag":[9810],"class_list":{"0":"post-403096","1":"product","2":"type-product","3":"status-publish","4":"has-post-thumbnail","6":"product_brand-geko-lenkija","7":"product_cat-vairo-traukiu-irankiai","8":"product_tag-geko-lenkija","10":"first","11":"instock","12":"purchasable","13":"product-type-simple"},"jetpack_sharing_enabled":true,"_links":{"self":[{"href":"https:\/\/irankiuzona.lt\/ru\/wp-json\/wp\/v2\/product\/403096","targetHints":{"allow":["GET"]}}],"collection":[{"href":"https:\/\/irankiuzona.lt\/ru\/wp-json\/wp\/v2\/product"}],"about":[{"href":"https:\/\/irankiuzona.lt\/ru\/wp-json\/wp\/v2\/types\/product"}],"replies":[{"embeddable":true,"href":"https:\/\/irankiuzona.lt\/ru\/wp-json\/wp\/v2\/comments?post=403096"}],"version-history":[{"count":1,"href":"https:\/\/irankiuzona.lt\/ru\/wp-json\/wp\/v2\/product\/403096\/revisions"}],"predecessor-version":[{"id":418616,"href":"https:\/\/irankiuzona.lt\/ru\/wp-json\/wp\/v2\/product\/403096\/revisions\/418616"}],"wp:featuredmedia":[{"embeddable":true,"href":"https:\/\/irankiuzona.lt\/ru\/wp-json\/wp\/v2\/media\/249852"}],"wp:attachment":[{"href":"https:\/\/irankiuzona.lt\/ru\/wp-json\/wp\/v2\/media?parent=403096"}],"wp:term":[{"taxonomy":"product_cat","embeddable":true,"href":"https:\/\/irankiuzona.lt\/ru\/wp-json\/wp\/v2\/product_cat?post=403096"},{"taxonomy":"product_tag","embeddable":true,"href":"https:\/\/irankiuzona.lt\/ru\/wp-json\/wp\/v2\/product_tag?post=403096"}],"curies":[{"name":"wp","href":"https:\/\/api.w.org\/{rel}","templated":true}]}}