{"id":403100,"date":"2025-05-15T15:30:47","date_gmt":"2025-05-15T15:30:47","guid":{"rendered":"https:\/\/irankiuzona.lt\/product\/rinkinys-magnetoloms-ir-uzvedimo-spynelems-isimti-20-daliu-2\/"},"modified":"2026-04-13T11:51:21","modified_gmt":"2026-04-13T11:51:21","slug":"rinkinys-magnetoloms-ir-uzvedimo-spynelems-isimti-20-daliu-2","status":"publish","type":"product","link":"https:\/\/irankiuzona.lt\/ru\/product\/rinkinys-magnetoloms-ir-uzvedimo-spynelems-isimti-20-daliu-2\/","title":{"rendered":"Rinkinys magnetoloms ir u\u017evedimo spynel\u0117ms i\u0161imti 20 dali\u0173"},"content":{"rendered":"<p>Techniniai duomenys\u00a0\u00a0\u00a0 Automobiliams:PEUGEOT, SKODA, BMW, OPEL, VW, MERCEDES BENZ, PORSCHE, AUDI, RENAULT, ALFA, FIAT, FORD.\u00a0\u00a0\u00a0 Prek\u0117s \u017eenklams: BLAUPUNKT, CLARION, BECKER, ALPINE, GRUNDIG, JVC, PIONEER.\u00a0\u00a0\u00a0 Svoris 0,18kg<\/p>","protected":false},"excerpt":{"rendered":"<p>Rinkinys magnetoloms ir u\u017evedimo spynel\u0117ms i\u0161imti 20 dali\u0173<\/p>","protected":false},"featured_media":249858,"comment_status":"open","ping_status":"open","template":"","meta":[],"product_cat":[9529],"product_tag":[9810],"class_list":{"0":"post-403100","1":"product","2":"type-product","3":"status-publish","4":"has-post-thumbnail","6":"product_brand-geko-lenkija","7":"product_cat-irankiai-apdailos-ardymui","8":"product_tag-geko-lenkija","10":"first","11":"instock","12":"purchasable","13":"product-type-simple"},"jetpack_sharing_enabled":true,"_links":{"self":[{"href":"https:\/\/irankiuzona.lt\/ru\/wp-json\/wp\/v2\/product\/403100","targetHints":{"allow":["GET"]}}],"collection":[{"href":"https:\/\/irankiuzona.lt\/ru\/wp-json\/wp\/v2\/product"}],"about":[{"href":"https:\/\/irankiuzona.lt\/ru\/wp-json\/wp\/v2\/types\/product"}],"replies":[{"embeddable":true,"href":"https:\/\/irankiuzona.lt\/ru\/wp-json\/wp\/v2\/comments?post=403100"}],"version-history":[{"count":1,"href":"https:\/\/irankiuzona.lt\/ru\/wp-json\/wp\/v2\/product\/403100\/revisions"}],"predecessor-version":[{"id":418618,"href":"https:\/\/irankiuzona.lt\/ru\/wp-json\/wp\/v2\/product\/403100\/revisions\/418618"}],"wp:featuredmedia":[{"embeddable":true,"href":"https:\/\/irankiuzona.lt\/ru\/wp-json\/wp\/v2\/media\/249858"}],"wp:attachment":[{"href":"https:\/\/irankiuzona.lt\/ru\/wp-json\/wp\/v2\/media?parent=403100"}],"wp:term":[{"taxonomy":"product_cat","embeddable":true,"href":"https:\/\/irankiuzona.lt\/ru\/wp-json\/wp\/v2\/product_cat?post=403100"},{"taxonomy":"product_tag","embeddable":true,"href":"https:\/\/irankiuzona.lt\/ru\/wp-json\/wp\/v2\/product_tag?post=403100"}],"curies":[{"name":"wp","href":"https:\/\/api.w.org\/{rel}","templated":true}]}}