{"id":403104,"date":"2025-05-15T15:30:52","date_gmt":"2025-05-15T15:30:52","guid":{"rendered":"https:\/\/irankiuzona.lt\/product\/cilindru-sveitiklis-trisparnis-o-51-177-mm-1-4-honingas-2\/"},"modified":"2026-04-15T10:35:45","modified_gmt":"2026-04-15T10:35:45","slug":"cilindru-sveitiklis-trisparnis-o-51-177-mm-1-4-honingas-2","status":"publish","type":"product","link":"https:\/\/irankiuzona.lt\/ru\/product\/cilindru-sveitiklis-trisparnis-o-51-177-mm-1-4-honingas-2\/","title":{"rendered":"Cilindr\u0173 \u0161veitiklis trisparnis \u00f8 51-177 mm 1\/4&quot; (honingas)"},"content":{"rendered":"<p>SPECIFIKACIJOS:TIPAS: HHYJ-50Darbinis diapazonas: 6, 10, 16, 25, 35, 50mm2Svoris 0,55kg<\/p>","protected":false},"excerpt":{"rendered":"<p>Cilindr\u0173 \u0161veitiklis trisparnis \u00f8 51-177 mm 1\/4&quot; (honingas)<\/p>","protected":false},"featured_media":249864,"comment_status":"open","ping_status":"open","template":"","meta":[],"product_cat":[9555],"product_tag":[9810],"class_list":{"0":"post-403104","1":"product","2":"type-product","3":"status-publish","4":"has-post-thumbnail","6":"product_brand-geko-lenkija","7":"product_cat-irankiai-honingavimui-slifavimui","8":"product_tag-geko-lenkija","10":"first","11":"outofstock","12":"purchasable","13":"product-type-simple"},"jetpack_sharing_enabled":true,"_links":{"self":[{"href":"https:\/\/irankiuzona.lt\/ru\/wp-json\/wp\/v2\/product\/403104","targetHints":{"allow":["GET"]}}],"collection":[{"href":"https:\/\/irankiuzona.lt\/ru\/wp-json\/wp\/v2\/product"}],"about":[{"href":"https:\/\/irankiuzona.lt\/ru\/wp-json\/wp\/v2\/types\/product"}],"replies":[{"embeddable":true,"href":"https:\/\/irankiuzona.lt\/ru\/wp-json\/wp\/v2\/comments?post=403104"}],"version-history":[{"count":1,"href":"https:\/\/irankiuzona.lt\/ru\/wp-json\/wp\/v2\/product\/403104\/revisions"}],"predecessor-version":[{"id":418620,"href":"https:\/\/irankiuzona.lt\/ru\/wp-json\/wp\/v2\/product\/403104\/revisions\/418620"}],"wp:featuredmedia":[{"embeddable":true,"href":"https:\/\/irankiuzona.lt\/ru\/wp-json\/wp\/v2\/media\/249864"}],"wp:attachment":[{"href":"https:\/\/irankiuzona.lt\/ru\/wp-json\/wp\/v2\/media?parent=403104"}],"wp:term":[{"taxonomy":"product_cat","embeddable":true,"href":"https:\/\/irankiuzona.lt\/ru\/wp-json\/wp\/v2\/product_cat?post=403104"},{"taxonomy":"product_tag","embeddable":true,"href":"https:\/\/irankiuzona.lt\/ru\/wp-json\/wp\/v2\/product_tag?post=403104"}],"curies":[{"name":"wp","href":"https:\/\/api.w.org\/{rel}","templated":true}]}}