{"id":403106,"date":"2025-05-15T15:30:55","date_gmt":"2025-05-15T15:30:55","guid":{"rendered":"https:\/\/irankiuzona.lt\/product\/atsarginiai-honingavimo-akmenukai-51-177mm-3\/"},"modified":"2026-03-17T03:00:51","modified_gmt":"2026-03-17T03:00:51","slug":"atsarginiai-honingavimo-akmenukai-51-177mm-3","status":"publish","type":"product","link":"https:\/\/irankiuzona.lt\/ru\/product\/atsarginiai-honingavimo-akmenukai-51-177mm-3\/","title":{"rendered":"Atsarginiai honingavimo akmenukai 51-177mm"},"content":{"rendered":"<p>SPECIFIKACIJOS:<br \/>\nTIPAS: HHYJ-50Darbinis diapazonas: 6, 10, 16, 25, 35, 50mm2RA\u0160TAS: \u0160e\u0161iakampisSvoris:0,06kg<\/p>","protected":false},"excerpt":{"rendered":"<p>Atsarginiai honingavimo akmenukai 51-177mm<\/p>","protected":false},"featured_media":186398,"comment_status":"open","ping_status":"open","template":"","meta":[],"product_cat":[9555],"product_tag":[9810],"class_list":{"0":"post-403106","1":"product","2":"type-product","3":"status-publish","4":"has-post-thumbnail","6":"product_brand-geko-lenkija","7":"product_cat-irankiai-honingavimui-slifavimui","8":"product_tag-geko-lenkija","10":"first","11":"outofstock","12":"purchasable","13":"product-type-simple"},"jetpack_sharing_enabled":true,"_links":{"self":[{"href":"https:\/\/irankiuzona.lt\/ru\/wp-json\/wp\/v2\/product\/403106","targetHints":{"allow":["GET"]}}],"collection":[{"href":"https:\/\/irankiuzona.lt\/ru\/wp-json\/wp\/v2\/product"}],"about":[{"href":"https:\/\/irankiuzona.lt\/ru\/wp-json\/wp\/v2\/types\/product"}],"replies":[{"embeddable":true,"href":"https:\/\/irankiuzona.lt\/ru\/wp-json\/wp\/v2\/comments?post=403106"}],"version-history":[{"count":1,"href":"https:\/\/irankiuzona.lt\/ru\/wp-json\/wp\/v2\/product\/403106\/revisions"}],"predecessor-version":[{"id":418621,"href":"https:\/\/irankiuzona.lt\/ru\/wp-json\/wp\/v2\/product\/403106\/revisions\/418621"}],"wp:featuredmedia":[{"embeddable":true,"href":"https:\/\/irankiuzona.lt\/ru\/wp-json\/wp\/v2\/media\/186398"}],"wp:attachment":[{"href":"https:\/\/irankiuzona.lt\/ru\/wp-json\/wp\/v2\/media?parent=403106"}],"wp:term":[{"taxonomy":"product_cat","embeddable":true,"href":"https:\/\/irankiuzona.lt\/ru\/wp-json\/wp\/v2\/product_cat?post=403106"},{"taxonomy":"product_tag","embeddable":true,"href":"https:\/\/irankiuzona.lt\/ru\/wp-json\/wp\/v2\/product_tag?post=403106"}],"curies":[{"name":"wp","href":"https:\/\/api.w.org\/{rel}","templated":true}]}}