{"id":403108,"date":"2025-05-15T15:30:58","date_gmt":"2025-05-15T15:30:58","guid":{"rendered":"https:\/\/irankiuzona.lt\/product\/tarpines-gumines-apvalios-419vnt-2\/"},"modified":"2026-04-20T08:47:00","modified_gmt":"2026-04-20T08:47:00","slug":"tarpines-gumines-apvalios-419vnt-2","status":"publish","type":"product","link":"https:\/\/irankiuzona.lt\/ru\/product\/tarpines-gumines-apvalios-419vnt-2\/","title":{"rendered":"Tarpin\u0117s gumin\u0117s apvalios 419vnt"},"content":{"rendered":"<p>kiekis x vidinis skersmuo. x storis<\/p>\n<p>20 vnt. 3 mm x 1,5 mm<br \/>\n20 vnt. 4,4 mm x 2 mm<br \/>\n18 vnt. 5 mm x 2 mm<br \/>\n23 vnt. 7 mm x 1,5 mm<br \/>\n23 vnt. 10 mm x 1,5 mm<br \/>\n23 vnt. 13 mm x 1,5 mm<br \/>\n14 vnt. 10 mm x 2,5 mm<br \/>\n13 vnt. 11 mm x 2,5 mm<br \/>\n14 vnt. 13 mm x 2,5 mm<br \/>\n13 vnt. 14 mm x 2,5 mm<br \/>\n14 vnt. 16 mm x 2,5 mm<br \/>\n14 vnt. 18 mm x 2,5 mm<br \/>\n13 vnt. 19 mm x 2,5 mm<br \/>\n14 vnt. 21 mm x 2,5 mm<br \/>\n13 vnt. 22 mm x 2,5 mm<br \/>\n10 vnt. 18 mm x 3,5 mm<br \/>\n10 vnt. 20 mm x 3,5 mm<br \/>\n10 vnt. 22 mm x 3,5 mm<br \/>\n10 vnt. 23,5 mm x 3,5 mm<br \/>\n10 vnt. 25 mm x 3,5 mm<br \/>\n10 vnt. 26,5 mm x 3,5 mm<br \/>\n10 vnt. 28 mm x 3,5 mm<br \/>\n10 vnt. 30 mm x 3,5 mm<br \/>\n10 vnt. 31 mm x 3,5 mm<br \/>\n10 vnt. 33 mm x 3,5 mm<br \/>\n10 vnt. 34,5 mm x 3,5 mm<br \/>\n10 vnt. 36 mm x 3,5 mm<br \/>\n10 vnt. 38 mm x 3,5 mm<br \/>\n10 vnt. 41 mm x 3,5 mm<br \/>\n10 vnt. 44 mm x 3,5 mm<br \/>\n10 vnt. 47 mm x 3,5 mm<br \/>\n10 vnt. 50 mm x 3,5 mm<\/p>","protected":false},"excerpt":{"rendered":"<p>atsparus r\u016bg\u0161\u010diai, benzinui, auk\u0161tai temperat\u016brai ir alyvai<br \/>\nsupakuotas \u012f plastikin\u0119 d\u0117\u017e\u0119<br \/>\nuniversalus rinkinys<br \/>\nsvoris: 730g<\/p>","protected":false},"featured_media":249869,"comment_status":"open","ping_status":"open","template":"","meta":[],"product_cat":[9438],"product_tag":[9810],"class_list":{"0":"post-403108","1":"product","2":"type-product","3":"status-publish","4":"has-post-thumbnail","6":"product_brand-geko-lenkija","7":"product_cat-tarpines-savarzos-smeiges-kaisciai-ir-kiti-rinkiniai","8":"product_tag-geko-lenkija","10":"first","11":"outofstock","12":"purchasable","13":"product-type-simple"},"jetpack_sharing_enabled":true,"_links":{"self":[{"href":"https:\/\/irankiuzona.lt\/ru\/wp-json\/wp\/v2\/product\/403108","targetHints":{"allow":["GET"]}}],"collection":[{"href":"https:\/\/irankiuzona.lt\/ru\/wp-json\/wp\/v2\/product"}],"about":[{"href":"https:\/\/irankiuzona.lt\/ru\/wp-json\/wp\/v2\/types\/product"}],"replies":[{"embeddable":true,"href":"https:\/\/irankiuzona.lt\/ru\/wp-json\/wp\/v2\/comments?post=403108"}],"version-history":[{"count":1,"href":"https:\/\/irankiuzona.lt\/ru\/wp-json\/wp\/v2\/product\/403108\/revisions"}],"predecessor-version":[{"id":418622,"href":"https:\/\/irankiuzona.lt\/ru\/wp-json\/wp\/v2\/product\/403108\/revisions\/418622"}],"wp:featuredmedia":[{"embeddable":true,"href":"https:\/\/irankiuzona.lt\/ru\/wp-json\/wp\/v2\/media\/249869"}],"wp:attachment":[{"href":"https:\/\/irankiuzona.lt\/ru\/wp-json\/wp\/v2\/media?parent=403108"}],"wp:term":[{"taxonomy":"product_cat","embeddable":true,"href":"https:\/\/irankiuzona.lt\/ru\/wp-json\/wp\/v2\/product_cat?post=403108"},{"taxonomy":"product_tag","embeddable":true,"href":"https:\/\/irankiuzona.lt\/ru\/wp-json\/wp\/v2\/product_tag?post=403108"}],"curies":[{"name":"wp","href":"https:\/\/api.w.org\/{rel}","templated":true}]}}