{"id":403116,"date":"2025-05-15T15:31:13","date_gmt":"2025-05-15T15:31:13","guid":{"rendered":"https:\/\/irankiuzona.lt\/product\/tarpines-oro-kondicionieriui-su-raktu-41-vnt-2\/"},"modified":"2026-04-04T14:16:00","modified_gmt":"2026-04-04T14:16:00","slug":"tarpines-oro-kondicionieriui-su-raktu-41-vnt-2","status":"publish","type":"product","link":"https:\/\/irankiuzona.lt\/ru\/product\/tarpines-oro-kondicionieriui-su-raktu-41-vnt-2\/","title":{"rendered":"Tarpin\u0117s oro kondicionieriui su raktu 41 vnt"},"content":{"rendered":"<p>Komplekto turinys10x CH-9520C vo\u017etuvas10x vo\u017etuvas CH-9800, R1345x CH-L08, 8mm \u017eemas \u0161oninis vo\u017etuvas5x vo\u017etuvas CH-V066, Peugeot \/ Volvo5x CH-H10 vo\u017etuvas, 10 mm auk\u0161\u010dio \u0161one5x CH-GMH vo\u017etuvas, \u201eGeneral Motors\u201c1x plastikinis vo\u017etuvo raktas CH-1213P9Svoris:0,14kg<\/p>","protected":false},"excerpt":{"rendered":"<p>Tarpin\u0117s oro kondicionieriui su raktu 41 vnt<\/p>","protected":false},"featured_media":249881,"comment_status":"open","ping_status":"open","template":"","meta":[],"product_cat":[9438],"product_tag":[9810],"class_list":{"0":"post-403116","1":"product","2":"type-product","3":"status-publish","4":"has-post-thumbnail","6":"product_brand-geko-lenkija","7":"product_cat-tarpines-savarzos-smeiges-kaisciai-ir-kiti-rinkiniai","8":"product_tag-geko-lenkija","10":"first","11":"instock","12":"purchasable","13":"product-type-simple"},"jetpack_sharing_enabled":true,"_links":{"self":[{"href":"https:\/\/irankiuzona.lt\/ru\/wp-json\/wp\/v2\/product\/403116","targetHints":{"allow":["GET"]}}],"collection":[{"href":"https:\/\/irankiuzona.lt\/ru\/wp-json\/wp\/v2\/product"}],"about":[{"href":"https:\/\/irankiuzona.lt\/ru\/wp-json\/wp\/v2\/types\/product"}],"replies":[{"embeddable":true,"href":"https:\/\/irankiuzona.lt\/ru\/wp-json\/wp\/v2\/comments?post=403116"}],"version-history":[{"count":0,"href":"https:\/\/irankiuzona.lt\/ru\/wp-json\/wp\/v2\/product\/403116\/revisions"}],"wp:featuredmedia":[{"embeddable":true,"href":"https:\/\/irankiuzona.lt\/ru\/wp-json\/wp\/v2\/media\/249881"}],"wp:attachment":[{"href":"https:\/\/irankiuzona.lt\/ru\/wp-json\/wp\/v2\/media?parent=403116"}],"wp:term":[{"taxonomy":"product_cat","embeddable":true,"href":"https:\/\/irankiuzona.lt\/ru\/wp-json\/wp\/v2\/product_cat?post=403116"},{"taxonomy":"product_tag","embeddable":true,"href":"https:\/\/irankiuzona.lt\/ru\/wp-json\/wp\/v2\/product_tag?post=403116"}],"curies":[{"name":"wp","href":"https:\/\/api.w.org\/{rel}","templated":true}]}}