{"id":403124,"date":"2025-05-15T15:31:28","date_gmt":"2025-05-15T15:31:28","guid":{"rendered":"https:\/\/irankiuzona.lt\/product\/variklio-blokavimo-kompleketas-n12-n14-n16-2\/"},"modified":"2026-05-10T03:29:49","modified_gmt":"2026-05-10T03:29:49","slug":"variklio-blokavimo-kompleketas-n12-n14-n16-2","status":"publish","type":"product","link":"https:\/\/irankiuzona.lt\/ru\/product\/variklio-blokavimo-kompleketas-n12-n14-n16-2\/","title":{"rendered":"Variklio blokavimo kompleketas N12\/N14\/N16"},"content":{"rendered":"<p>CITROEN:<\/p>\n<p>C3 III &#8211; EP3C (8F01), EP6C (5F01)<br \/>\n\u201eC3 Picasso\u201c &#8211; EP3 (8FS), EP3C (8F01) EP6 (5FW)<br \/>\n\u201eC4\u201c, \u201eC4 Picasso\u201c &#8211; EP6 (5FW), EP6DT (5FX)<br \/>\nC5 III &#8211; EP6CDT (5F04)<br \/>\nDS3 &#8211; EP3 (8FS), EP6C (5F01), EP6DT (5FX)<\/p>\n<p>PEUGEOT pritaikymas:<\/p>\n<p>207 &#8211; EP3 (8FS), EP6 (5FW), EP6C (5F01), EP6DT (5FX), EP5DTS (5FY)<br \/>\n308 &#8211; EP3 (8FS), EP3C (8F01)<br \/>\n308 &#8211; EP6 (5FW), EP6C (5F01)<br \/>\n308 &#8211; EP6CDTX (5FU), EP6DT (5FX), EP6DTS (5FY)<br \/>\n3008 &#8211; EP6 (5FW), EP6C (5F01), EP6DT (5FX), EP6CDT (5F04)<br \/>\n5008 &#8211; EP6 (5FX), EP6C (5F01), EP6CDT (5F04)<br \/>\nRCZ &#8211; EP6CDTX (5FU), EP6CDT (5F04)<\/p>\n<p>MINI :<\/p>\n<p>MINI R55 R56 Cooper<br \/>\n\u201eMini One R56<\/p>","protected":false},"excerpt":{"rendered":"<p>Paskirstymo fiksatorius CITROEN PEUGEOT MINI 1.4 VTi 1.6 THP Laikrod\u017eio u\u017eraktas skirtas lengviesiems CITROEN, PEUGEOT, MINI marki\u0173 automobiliams su 1,4 VTi 1,6 THP benzininiais varikliais.<\/p>","protected":false},"featured_media":249893,"comment_status":"open","ping_status":"open","template":"","meta":[],"product_cat":[9689],"product_tag":[9810],"class_list":{"0":"post-403124","1":"product","2":"type-product","3":"status-publish","4":"has-post-thumbnail","6":"product_brand-geko-lenkija","7":"product_cat-bmw-blokatoriai","8":"product_tag-geko-lenkija","10":"first","11":"outofstock","12":"purchasable","13":"product-type-simple"},"jetpack_sharing_enabled":true,"_links":{"self":[{"href":"https:\/\/irankiuzona.lt\/ru\/wp-json\/wp\/v2\/product\/403124","targetHints":{"allow":["GET"]}}],"collection":[{"href":"https:\/\/irankiuzona.lt\/ru\/wp-json\/wp\/v2\/product"}],"about":[{"href":"https:\/\/irankiuzona.lt\/ru\/wp-json\/wp\/v2\/types\/product"}],"replies":[{"embeddable":true,"href":"https:\/\/irankiuzona.lt\/ru\/wp-json\/wp\/v2\/comments?post=403124"}],"version-history":[{"count":1,"href":"https:\/\/irankiuzona.lt\/ru\/wp-json\/wp\/v2\/product\/403124\/revisions"}],"predecessor-version":[{"id":418630,"href":"https:\/\/irankiuzona.lt\/ru\/wp-json\/wp\/v2\/product\/403124\/revisions\/418630"}],"wp:featuredmedia":[{"embeddable":true,"href":"https:\/\/irankiuzona.lt\/ru\/wp-json\/wp\/v2\/media\/249893"}],"wp:attachment":[{"href":"https:\/\/irankiuzona.lt\/ru\/wp-json\/wp\/v2\/media?parent=403124"}],"wp:term":[{"taxonomy":"product_cat","embeddable":true,"href":"https:\/\/irankiuzona.lt\/ru\/wp-json\/wp\/v2\/product_cat?post=403124"},{"taxonomy":"product_tag","embeddable":true,"href":"https:\/\/irankiuzona.lt\/ru\/wp-json\/wp\/v2\/product_tag?post=403124"}],"curies":[{"name":"wp","href":"https:\/\/api.w.org\/{rel}","templated":true}]}}