{"id":403132,"date":"2025-05-15T15:31:43","date_gmt":"2025-05-15T15:31:43","guid":{"rendered":"https:\/\/irankiuzona.lt\/product\/sriegines-kniedes-aliuminines-150vnt-2\/"},"modified":"2026-04-06T03:57:15","modified_gmt":"2026-04-06T03:57:15","slug":"sriegines-kniedes-aliuminines-150vnt-2","status":"publish","type":"product","link":"https:\/\/irankiuzona.lt\/ru\/product\/sriegines-kniedes-aliuminines-150vnt-2\/","title":{"rendered":"Sriegin\u0117s knied\u0117s aliuminin\u0117s 150vnt"},"content":{"rendered":"<p>Pakuot\u0117s turinys:40x aliuminio knied\u017ei\u0173 ver\u017el\u0117 M3x9 mm35x aliuminio knied\u017ei\u0173 ver\u017el\u0117 M4x11 mm25x aliuminio knied\u017ei\u0173 ver\u017el\u0117 M5x13 mm25x aliuminio knied\u017ei\u0173 ver\u017el\u0117 M6x15 mm15x aliuminio knied\u017ei\u0173 ver\u017el\u0117 M8x18 mm10x aliuminio knied\u017ei\u0173 ver\u017el\u0117 M10x21 mmSvoris:0,23kg<\/p>","protected":false},"excerpt":{"rendered":"<p>Sriegin\u0117s knied\u0117s aliuminin\u0117s 150vnt<\/p>","protected":false},"featured_media":249905,"comment_status":"open","ping_status":"open","template":"","meta":[],"product_cat":[9890],"product_tag":[9810],"class_list":{"0":"post-403132","1":"product","2":"type-product","3":"status-publish","4":"has-post-thumbnail","6":"product_brand-geko-lenkija","7":"product_cat-sriegines-kniedes","8":"product_tag-geko-lenkija","10":"first","11":"instock","12":"purchasable","13":"product-type-simple"},"jetpack_sharing_enabled":true,"_links":{"self":[{"href":"https:\/\/irankiuzona.lt\/ru\/wp-json\/wp\/v2\/product\/403132","targetHints":{"allow":["GET"]}}],"collection":[{"href":"https:\/\/irankiuzona.lt\/ru\/wp-json\/wp\/v2\/product"}],"about":[{"href":"https:\/\/irankiuzona.lt\/ru\/wp-json\/wp\/v2\/types\/product"}],"replies":[{"embeddable":true,"href":"https:\/\/irankiuzona.lt\/ru\/wp-json\/wp\/v2\/comments?post=403132"}],"version-history":[{"count":0,"href":"https:\/\/irankiuzona.lt\/ru\/wp-json\/wp\/v2\/product\/403132\/revisions"}],"wp:featuredmedia":[{"embeddable":true,"href":"https:\/\/irankiuzona.lt\/ru\/wp-json\/wp\/v2\/media\/249905"}],"wp:attachment":[{"href":"https:\/\/irankiuzona.lt\/ru\/wp-json\/wp\/v2\/media?parent=403132"}],"wp:term":[{"taxonomy":"product_cat","embeddable":true,"href":"https:\/\/irankiuzona.lt\/ru\/wp-json\/wp\/v2\/product_cat?post=403132"},{"taxonomy":"product_tag","embeddable":true,"href":"https:\/\/irankiuzona.lt\/ru\/wp-json\/wp\/v2\/product_tag?post=403132"}],"curies":[{"name":"wp","href":"https:\/\/api.w.org\/{rel}","templated":true}]}}