{"id":403142,"date":"2025-05-15T15:31:59","date_gmt":"2025-05-15T15:31:59","guid":{"rendered":"https:\/\/irankiuzona.lt\/product\/medvarzciu-ir-u-tipo-pagalveliu-komplektas-170vnt-2\/"},"modified":"2026-04-24T08:12:34","modified_gmt":"2026-04-24T08:12:34","slug":"medvarzciu-ir-u-tipo-pagalveliu-komplektas-170vnt-2","status":"publish","type":"product","link":"https:\/\/irankiuzona.lt\/ru\/product\/medvarzciu-ir-u-tipo-pagalveliu-komplektas-170vnt-2\/","title":{"rendered":"Medvar\u017e\u010di\u0173 ir U-tipo pagalv\u0117li\u0173 komplektas 170vnt"},"content":{"rendered":"<p>Komplekto turinys\u00a0\u00a0\u00a0 2,4 x 31 mm &#8211; 42 vnt\u00a0\u00a0\u00a0 2,0 x 33 mm &#8211; 30 vnt\u00a0\u00a0\u00a0 2,0 x 40 mm &#8211; 25 vnt\u00a0\u00a0\u00a0 2,8 x 42 mm &#8211; 25 vnt\u00a0\u00a0\u00a0 3,5 x 45 mm &#8211; 20 vnt\u00a0\u00a0\u00a0 4,0 x 75 mm &#8211; 8 vnt\u00a0\u00a0\u00a0 Svoris: 0,35kg<\/p>","protected":false},"excerpt":{"rendered":"<p>Medvar\u017e\u010di\u0173 ir U-tipo pagalv\u0117li\u0173 komplektas 170vnt<\/p>","protected":false},"featured_media":249919,"comment_status":"open","ping_status":"open","template":"","meta":[],"product_cat":[9438],"product_tag":[9810],"class_list":{"0":"post-403142","1":"product","2":"type-product","3":"status-publish","4":"has-post-thumbnail","6":"product_brand-geko-lenkija","7":"product_cat-tarpines-savarzos-smeiges-kaisciai-ir-kiti-rinkiniai","8":"product_tag-geko-lenkija","10":"first","11":"instock","12":"purchasable","13":"product-type-simple"},"jetpack_sharing_enabled":true,"_links":{"self":[{"href":"https:\/\/irankiuzona.lt\/ru\/wp-json\/wp\/v2\/product\/403142","targetHints":{"allow":["GET"]}}],"collection":[{"href":"https:\/\/irankiuzona.lt\/ru\/wp-json\/wp\/v2\/product"}],"about":[{"href":"https:\/\/irankiuzona.lt\/ru\/wp-json\/wp\/v2\/types\/product"}],"replies":[{"embeddable":true,"href":"https:\/\/irankiuzona.lt\/ru\/wp-json\/wp\/v2\/comments?post=403142"}],"version-history":[{"count":1,"href":"https:\/\/irankiuzona.lt\/ru\/wp-json\/wp\/v2\/product\/403142\/revisions"}],"predecessor-version":[{"id":418639,"href":"https:\/\/irankiuzona.lt\/ru\/wp-json\/wp\/v2\/product\/403142\/revisions\/418639"}],"wp:featuredmedia":[{"embeddable":true,"href":"https:\/\/irankiuzona.lt\/ru\/wp-json\/wp\/v2\/media\/249919"}],"wp:attachment":[{"href":"https:\/\/irankiuzona.lt\/ru\/wp-json\/wp\/v2\/media?parent=403142"}],"wp:term":[{"taxonomy":"product_cat","embeddable":true,"href":"https:\/\/irankiuzona.lt\/ru\/wp-json\/wp\/v2\/product_cat?post=403142"},{"taxonomy":"product_tag","embeddable":true,"href":"https:\/\/irankiuzona.lt\/ru\/wp-json\/wp\/v2\/product_tag?post=403142"}],"curies":[{"name":"wp","href":"https:\/\/api.w.org\/{rel}","templated":true}]}}