{"id":403172,"date":"2025-05-15T15:32:54","date_gmt":"2025-05-15T15:32:54","guid":{"rendered":"https:\/\/irankiuzona.lt\/product\/smuginiu-galvuciu-komplektas-1-2-6k-10-27-mm-2\/"},"modified":"2026-03-18T11:05:29","modified_gmt":"2026-03-18T11:05:29","slug":"smuginiu-galvuciu-komplektas-1-2-6k-10-27-mm-2","status":"publish","type":"product","link":"https:\/\/irankiuzona.lt\/ru\/product\/smuginiu-galvuciu-komplektas-1-2-6k-10-27-mm-2\/","title":{"rendered":"Sm\u016bgini\u0173 galvu\u010di\u0173 komplektas 1\/2&quot; 6k. (10-27 mm)"},"content":{"rendered":"<p>1\/2\u00a0\u00a0\u00a0 10mm\u00a0\u00a0\u00a0 11mm\u00a0\u00a0\u00a0 12mm\u00a0\u00a0\u00a0 13mm\u00a0\u00a0\u00a0 14mm\u00a0\u00a0\u00a0 15mm\u00a0\u00a0\u00a0 16mm\u00a0\u00a0\u00a0 17mm\u00a0\u00a0\u00a0 18mm\u00a0\u00a0\u00a0 19mm\u00a0\u00a0\u00a0 21mm\u00a0\u00a0\u00a0 22mm\u00a0\u00a0\u00a0 27mm\u00a0\u00a0\u00a0 Svoris:1,7kg<\/p>","protected":false},"excerpt":{"rendered":"<p>Sm\u016bgini\u0173 galvu\u010di\u0173 komplektas 1\/2&quot; 6k. (10-27 mm)<\/p>","protected":false},"featured_media":249963,"comment_status":"open","ping_status":"open","template":"","meta":[],"product_cat":[9499],"product_tag":[9810],"class_list":{"0":"post-403172","1":"product","2":"type-product","3":"status-publish","4":"has-post-thumbnail","6":"product_brand-geko-lenkija","7":"product_cat-smuginiu-galvuciu-komplektai","8":"product_tag-geko-lenkija","10":"first","11":"outofstock","12":"purchasable","13":"product-type-simple"},"jetpack_sharing_enabled":true,"_links":{"self":[{"href":"https:\/\/irankiuzona.lt\/ru\/wp-json\/wp\/v2\/product\/403172","targetHints":{"allow":["GET"]}}],"collection":[{"href":"https:\/\/irankiuzona.lt\/ru\/wp-json\/wp\/v2\/product"}],"about":[{"href":"https:\/\/irankiuzona.lt\/ru\/wp-json\/wp\/v2\/types\/product"}],"replies":[{"embeddable":true,"href":"https:\/\/irankiuzona.lt\/ru\/wp-json\/wp\/v2\/comments?post=403172"}],"version-history":[{"count":1,"href":"https:\/\/irankiuzona.lt\/ru\/wp-json\/wp\/v2\/product\/403172\/revisions"}],"predecessor-version":[{"id":418653,"href":"https:\/\/irankiuzona.lt\/ru\/wp-json\/wp\/v2\/product\/403172\/revisions\/418653"}],"wp:featuredmedia":[{"embeddable":true,"href":"https:\/\/irankiuzona.lt\/ru\/wp-json\/wp\/v2\/media\/249963"}],"wp:attachment":[{"href":"https:\/\/irankiuzona.lt\/ru\/wp-json\/wp\/v2\/media?parent=403172"}],"wp:term":[{"taxonomy":"product_cat","embeddable":true,"href":"https:\/\/irankiuzona.lt\/ru\/wp-json\/wp\/v2\/product_cat?post=403172"},{"taxonomy":"product_tag","embeddable":true,"href":"https:\/\/irankiuzona.lt\/ru\/wp-json\/wp\/v2\/product_tag?post=403172"}],"curies":[{"name":"wp","href":"https:\/\/api.w.org\/{rel}","templated":true}]}}