{"id":403174,"date":"2025-05-15T15:32:56","date_gmt":"2025-05-15T15:32:56","guid":{"rendered":"https:\/\/irankiuzona.lt\/product\/terksliniu-raktu-komplekttas-8-22mm-su-ideklu-vezimeliui-13-daliu-2\/"},"modified":"2026-04-14T22:19:49","modified_gmt":"2026-04-14T22:19:49","slug":"terksliniu-raktu-komplekttas-8-22mm-su-ideklu-vezimeliui-13-daliu-2","status":"publish","type":"product","link":"https:\/\/irankiuzona.lt\/ru\/product\/terksliniu-raktu-komplekttas-8-22mm-su-ideklu-vezimeliui-13-daliu-2\/","title":{"rendered":"Terk\u0161lini\u0173 rakt\u0173 komplekttas 8-22mm su \u012fd\u0117klu ve\u017eim\u0117liui 13 dali\u0173"},"content":{"rendered":"<p>Prek\u0117s savyb\u0117s72 dant\u0173 mechanizmasPagaminta i\u0161 chromuoto vanad\u017eio plienoRinkinyje yra ver\u017eliarak\u010diai, kuri\u0173 dyd\u017eiai: 8, 9, 10, 11, 12, 13, 14, 15, 16, 17, 19, 20, 21, 22 mmSvoris:2,53kg<\/p>","protected":false},"excerpt":{"rendered":"<p>Terk\u0161lini\u0173 rakt\u0173 komplekttas 8-22mm su \u012fd\u0117klu ve\u017eim\u0117liui 13 dali\u0173<\/p>","protected":false},"featured_media":249966,"comment_status":"open","ping_status":"open","template":"","meta":[],"product_cat":[9870],"product_tag":[9810],"class_list":{"0":"post-403174","1":"product","2":"type-product","3":"status-publish","4":"has-post-thumbnail","6":"product_brand-geko-lenkija","7":"product_cat-deklai-i-vezimus-su-irankiais-ir-tusti","8":"product_tag-geko-lenkija","10":"first","11":"instock","12":"purchasable","13":"product-type-simple"},"jetpack_sharing_enabled":true,"_links":{"self":[{"href":"https:\/\/irankiuzona.lt\/ru\/wp-json\/wp\/v2\/product\/403174","targetHints":{"allow":["GET"]}}],"collection":[{"href":"https:\/\/irankiuzona.lt\/ru\/wp-json\/wp\/v2\/product"}],"about":[{"href":"https:\/\/irankiuzona.lt\/ru\/wp-json\/wp\/v2\/types\/product"}],"replies":[{"embeddable":true,"href":"https:\/\/irankiuzona.lt\/ru\/wp-json\/wp\/v2\/comments?post=403174"}],"version-history":[{"count":1,"href":"https:\/\/irankiuzona.lt\/ru\/wp-json\/wp\/v2\/product\/403174\/revisions"}],"predecessor-version":[{"id":418654,"href":"https:\/\/irankiuzona.lt\/ru\/wp-json\/wp\/v2\/product\/403174\/revisions\/418654"}],"wp:featuredmedia":[{"embeddable":true,"href":"https:\/\/irankiuzona.lt\/ru\/wp-json\/wp\/v2\/media\/249966"}],"wp:attachment":[{"href":"https:\/\/irankiuzona.lt\/ru\/wp-json\/wp\/v2\/media?parent=403174"}],"wp:term":[{"taxonomy":"product_cat","embeddable":true,"href":"https:\/\/irankiuzona.lt\/ru\/wp-json\/wp\/v2\/product_cat?post=403174"},{"taxonomy":"product_tag","embeddable":true,"href":"https:\/\/irankiuzona.lt\/ru\/wp-json\/wp\/v2\/product_tag?post=403174"}],"curies":[{"name":"wp","href":"https:\/\/api.w.org\/{rel}","templated":true}]}}