{"id":403180,"date":"2025-05-15T15:33:04","date_gmt":"2025-05-15T15:33:04","guid":{"rendered":"https:\/\/irankiuzona.lt\/product\/staliaus-stalas-reguliuojamas-0-90-laipsniu-premium-100kg-2\/"},"modified":"2026-03-18T11:05:31","modified_gmt":"2026-03-18T11:05:31","slug":"staliaus-stalas-reguliuojamas-0-90-laipsniu-premium-100kg-2","status":"publish","type":"product","link":"https:\/\/irankiuzona.lt\/ru\/product\/staliaus-stalas-reguliuojamas-0-90-laipsniu-premium-100kg-2\/","title":{"rendered":"Staliaus stalas reguliuojamas 0-90 laipsni\u0173 Premium 100kg"},"content":{"rendered":"<p>Techniniai duomenys:\u00a0\u00a0\u00a0 Stalvir\u0161is: mediena\u00a0\u00a0\u00a0 Staliaus stalas reguliuojamas 0-90 laipsni\u0173\u00a0\u00a0\u00a0 R\u0117mas: milteliniu b\u016bdu dengtas juodas plienas\u00a0\u00a0\u00a0 Maks apkrova: 100 kg\u00a0\u00a0\u00a0 I\u0161matavimai: 560 x 780 x 620 mm\u00a0\u00a0\u00a0 Maksimalus \u017eio\u010di\u0173 i\u0161pl\u0117timas: 210 mm\u00a0\u00a0\u00a0 Did\u017eiausia stalvir\u0161io anga: 100 mm\u00a0\u00a0\u00a0 Darbo stalo matmenys: dvi plok\u0161t\u0117s, kuri\u0173 i\u0161matavimai 620 x 100 x 20 mm\u00a0\u00a0\u00a0 Darbo stalo matmenys, abiej\u0173 plok\u010di\u0173 kartu: 620 x 300 mm\u00a0\u00a0\u00a0 Maksimali apkrova: 100 kg\u00a0\u00a0\u00a0 Stalo med\u017eiaga: plieno profilis, mediena\u00a0\u00a0\u00a0 Svoris: 8,41kg<\/p>","protected":false},"excerpt":{"rendered":"<p>Staliaus stalas reguliuojamas 0-90 laipsni\u0173 Premium 100kg<\/p>","protected":false},"featured_media":249975,"comment_status":"open","ping_status":"open","template":"","meta":[],"product_cat":[9968],"product_tag":[9810],"class_list":{"0":"post-403180","1":"product","2":"type-product","3":"status-publish","4":"has-post-thumbnail","6":"product_brand-geko-lenkija","7":"product_cat-stakles-metalo-apdirbimui","8":"product_tag-geko-lenkija","10":"first","11":"outofstock","12":"purchasable","13":"product-type-simple"},"jetpack_sharing_enabled":true,"_links":{"self":[{"href":"https:\/\/irankiuzona.lt\/ru\/wp-json\/wp\/v2\/product\/403180","targetHints":{"allow":["GET"]}}],"collection":[{"href":"https:\/\/irankiuzona.lt\/ru\/wp-json\/wp\/v2\/product"}],"about":[{"href":"https:\/\/irankiuzona.lt\/ru\/wp-json\/wp\/v2\/types\/product"}],"replies":[{"embeddable":true,"href":"https:\/\/irankiuzona.lt\/ru\/wp-json\/wp\/v2\/comments?post=403180"}],"version-history":[{"count":1,"href":"https:\/\/irankiuzona.lt\/ru\/wp-json\/wp\/v2\/product\/403180\/revisions"}],"predecessor-version":[{"id":418656,"href":"https:\/\/irankiuzona.lt\/ru\/wp-json\/wp\/v2\/product\/403180\/revisions\/418656"}],"wp:featuredmedia":[{"embeddable":true,"href":"https:\/\/irankiuzona.lt\/ru\/wp-json\/wp\/v2\/media\/249975"}],"wp:attachment":[{"href":"https:\/\/irankiuzona.lt\/ru\/wp-json\/wp\/v2\/media?parent=403180"}],"wp:term":[{"taxonomy":"product_cat","embeddable":true,"href":"https:\/\/irankiuzona.lt\/ru\/wp-json\/wp\/v2\/product_cat?post=403180"},{"taxonomy":"product_tag","embeddable":true,"href":"https:\/\/irankiuzona.lt\/ru\/wp-json\/wp\/v2\/product_tag?post=403180"}],"curies":[{"name":"wp","href":"https:\/\/api.w.org\/{rel}","templated":true}]}}