{"id":403182,"date":"2025-05-15T15:33:07","date_gmt":"2025-05-15T15:33:07","guid":{"rendered":"https:\/\/irankiuzona.lt\/product\/ikraunama-lempa-zibintuvelis-cob-led-3w-2\/"},"modified":"2026-04-14T21:21:54","modified_gmt":"2026-04-14T21:21:54","slug":"ikraunama-lempa-zibintuvelis-cob-led-3w-2","status":"publish","type":"product","link":"https:\/\/irankiuzona.lt\/ru\/product\/ikraunama-lempa-zibintuvelis-cob-led-3w-2\/","title":{"rendered":"\u012ekraunama lempa-\u017eibintuv\u0117lis COB-LED 3W"},"content":{"rendered":"<p>Techniniai duomenys:LED \u017eibintuv\u0117lis su \u012fmontuota li\u010dio jon\u0173 baterija ir dviem \u012fkrovikliais.Naujos kartos itin ry\u0161k\u016bs CO BLED diodai, kuri\u0173 tarnavimo laikas yra 100 000 valand\u0173.D\u0117l LED COB technologijos (LED juostel\u0117s) naudojimo \u017eibintuv\u0117lis suteikia daug daugiau \u0161viesos,\u00a0palyginti su tradicine, ir tuo pa\u010diu yra daug ekonomi\u0161kesnis.Patogus korpusas, Baterijos talpa &#8211; 2800mAh.Komplekte yra220v \u012fkroviklis ir automobilinis \u012fkroviklis.Svoris: 0,22kg<\/p>","protected":false},"excerpt":{"rendered":"<p>\u012ekraunama lempa-\u017eibintuv\u0117lis COB-LED 3W<\/p>","protected":false},"featured_media":249978,"comment_status":"open","ping_status":"open","template":"","meta":[],"product_cat":[9807],"product_tag":[9810],"class_list":{"0":"post-403182","1":"product","2":"type-product","3":"status-publish","4":"has-post-thumbnail","6":"product_brand-geko-lenkija","7":"product_cat-ikraunamos-lempos-prozektoriai","8":"product_tag-geko-lenkija","10":"first","11":"instock","12":"purchasable","13":"product-type-simple"},"jetpack_sharing_enabled":true,"_links":{"self":[{"href":"https:\/\/irankiuzona.lt\/ru\/wp-json\/wp\/v2\/product\/403182","targetHints":{"allow":["GET"]}}],"collection":[{"href":"https:\/\/irankiuzona.lt\/ru\/wp-json\/wp\/v2\/product"}],"about":[{"href":"https:\/\/irankiuzona.lt\/ru\/wp-json\/wp\/v2\/types\/product"}],"replies":[{"embeddable":true,"href":"https:\/\/irankiuzona.lt\/ru\/wp-json\/wp\/v2\/comments?post=403182"}],"version-history":[{"count":1,"href":"https:\/\/irankiuzona.lt\/ru\/wp-json\/wp\/v2\/product\/403182\/revisions"}],"predecessor-version":[{"id":418657,"href":"https:\/\/irankiuzona.lt\/ru\/wp-json\/wp\/v2\/product\/403182\/revisions\/418657"}],"wp:featuredmedia":[{"embeddable":true,"href":"https:\/\/irankiuzona.lt\/ru\/wp-json\/wp\/v2\/media\/249978"}],"wp:attachment":[{"href":"https:\/\/irankiuzona.lt\/ru\/wp-json\/wp\/v2\/media?parent=403182"}],"wp:term":[{"taxonomy":"product_cat","embeddable":true,"href":"https:\/\/irankiuzona.lt\/ru\/wp-json\/wp\/v2\/product_cat?post=403182"},{"taxonomy":"product_tag","embeddable":true,"href":"https:\/\/irankiuzona.lt\/ru\/wp-json\/wp\/v2\/product_tag?post=403182"}],"curies":[{"name":"wp","href":"https:\/\/api.w.org\/{rel}","templated":true}]}}