{"id":403206,"date":"2025-05-15T15:33:33","date_gmt":"2025-05-15T15:33:33","guid":{"rendered":"https:\/\/irankiuzona.lt\/product\/rankinis-zemes-graztas-200mm-2\/"},"modified":"2026-04-10T13:08:44","modified_gmt":"2026-04-10T13:08:44","slug":"rankinis-zemes-graztas-200mm-2","status":"publish","type":"product","link":"https:\/\/irankiuzona.lt\/ru\/product\/rankinis-zemes-graztas-200mm-2\/","title":{"rendered":"Rankinis \u017eem\u0117s gr\u0105\u017etas 200mm"},"content":{"rendered":"","protected":false},"excerpt":{"rendered":"<p>Rankinis \u017eem\u0117s gr\u0105\u017etas 200mm<\/p>","protected":false},"featured_media":250013,"comment_status":"open","ping_status":"open","template":"","meta":[],"product_cat":[9944],"product_tag":[9810],"class_list":{"0":"post-403206","1":"product","2":"type-product","3":"status-publish","4":"has-post-thumbnail","6":"product_brand-geko-lenkija","7":"product_cat-sodo-darzo-irankiai","8":"product_tag-geko-lenkija","10":"first","11":"instock","12":"purchasable","13":"product-type-simple"},"jetpack_sharing_enabled":true,"_links":{"self":[{"href":"https:\/\/irankiuzona.lt\/ru\/wp-json\/wp\/v2\/product\/403206","targetHints":{"allow":["GET"]}}],"collection":[{"href":"https:\/\/irankiuzona.lt\/ru\/wp-json\/wp\/v2\/product"}],"about":[{"href":"https:\/\/irankiuzona.lt\/ru\/wp-json\/wp\/v2\/types\/product"}],"replies":[{"embeddable":true,"href":"https:\/\/irankiuzona.lt\/ru\/wp-json\/wp\/v2\/comments?post=403206"}],"version-history":[{"count":1,"href":"https:\/\/irankiuzona.lt\/ru\/wp-json\/wp\/v2\/product\/403206\/revisions"}],"predecessor-version":[{"id":418669,"href":"https:\/\/irankiuzona.lt\/ru\/wp-json\/wp\/v2\/product\/403206\/revisions\/418669"}],"wp:featuredmedia":[{"embeddable":true,"href":"https:\/\/irankiuzona.lt\/ru\/wp-json\/wp\/v2\/media\/250013"}],"wp:attachment":[{"href":"https:\/\/irankiuzona.lt\/ru\/wp-json\/wp\/v2\/media?parent=403206"}],"wp:term":[{"taxonomy":"product_cat","embeddable":true,"href":"https:\/\/irankiuzona.lt\/ru\/wp-json\/wp\/v2\/product_cat?post=403206"},{"taxonomy":"product_tag","embeddable":true,"href":"https:\/\/irankiuzona.lt\/ru\/wp-json\/wp\/v2\/product_tag?post=403206"}],"curies":[{"name":"wp","href":"https:\/\/api.w.org\/{rel}","templated":true}]}}