{"id":403208,"date":"2025-05-15T15:33:35","date_gmt":"2025-05-15T15:33:35","guid":{"rendered":"https:\/\/irankiuzona.lt\/product\/kirvis-600g-stiklo-pluosto-rankena-2\/"},"modified":"2026-04-08T00:40:56","modified_gmt":"2026-04-08T00:40:56","slug":"kirvis-600g-stiklo-pluosto-rankena-2","status":"publish","type":"product","link":"https:\/\/irankiuzona.lt\/ru\/product\/kirvis-600g-stiklo-pluosto-rankena-2\/","title":{"rendered":"Kirvis 600g stiklo pluo\u0161to rankena"},"content":{"rendered":"<p>Technin\u0117s specifikacijos:Galvos med\u017eiaga: anglinis plienasRankenos med\u017eiaga: stiklo pluo\u0161tasStiebin\u0117 gumos med\u017eiaga: TPR &#8211; termoplastin\u0117 gumaBendras \u012frankio ilgis: 390 mmGalvos svoris: 600 gSvoris:0,7kg<\/p>","protected":false},"excerpt":{"rendered":"<p>Kirvis 600g stiklo pluo\u0161to rankena<\/p>","protected":false},"featured_media":250016,"comment_status":"open","ping_status":"open","template":"","meta":[],"product_cat":[9457],"product_tag":[9810],"class_list":{"0":"post-403208","1":"product","2":"type-product","3":"status-publish","4":"has-post-thumbnail","6":"product_brand-geko-lenkija","7":"product_cat-kirviai-kalunai-pleistai","8":"product_tag-geko-lenkija","10":"first","11":"outofstock","12":"purchasable","13":"product-type-simple"},"jetpack_sharing_enabled":true,"_links":{"self":[{"href":"https:\/\/irankiuzona.lt\/ru\/wp-json\/wp\/v2\/product\/403208","targetHints":{"allow":["GET"]}}],"collection":[{"href":"https:\/\/irankiuzona.lt\/ru\/wp-json\/wp\/v2\/product"}],"about":[{"href":"https:\/\/irankiuzona.lt\/ru\/wp-json\/wp\/v2\/types\/product"}],"replies":[{"embeddable":true,"href":"https:\/\/irankiuzona.lt\/ru\/wp-json\/wp\/v2\/comments?post=403208"}],"version-history":[{"count":0,"href":"https:\/\/irankiuzona.lt\/ru\/wp-json\/wp\/v2\/product\/403208\/revisions"}],"wp:featuredmedia":[{"embeddable":true,"href":"https:\/\/irankiuzona.lt\/ru\/wp-json\/wp\/v2\/media\/250016"}],"wp:attachment":[{"href":"https:\/\/irankiuzona.lt\/ru\/wp-json\/wp\/v2\/media?parent=403208"}],"wp:term":[{"taxonomy":"product_cat","embeddable":true,"href":"https:\/\/irankiuzona.lt\/ru\/wp-json\/wp\/v2\/product_cat?post=403208"},{"taxonomy":"product_tag","embeddable":true,"href":"https:\/\/irankiuzona.lt\/ru\/wp-json\/wp\/v2\/product_tag?post=403208"}],"curies":[{"name":"wp","href":"https:\/\/api.w.org\/{rel}","templated":true}]}}