{"id":403210,"date":"2025-05-15T15:33:36","date_gmt":"2025-05-15T15:33:36","guid":{"rendered":"https:\/\/irankiuzona.lt\/product\/kirvis-stiklo-pluosto-rankena-1000g-2\/"},"modified":"2026-04-10T13:08:44","modified_gmt":"2026-04-10T13:08:44","slug":"kirvis-stiklo-pluosto-rankena-1000g-2","status":"publish","type":"product","link":"https:\/\/irankiuzona.lt\/ru\/product\/kirvis-stiklo-pluosto-rankena-1000g-2\/","title":{"rendered":"Kirvis stiklo pluo\u0161to rankena 1000g"},"content":{"rendered":"<p>Technin\u0117s specifikacijos:Galvos med\u017eiaga: anglinis plienasRankenos med\u017eiaga: stiklo pluo\u0161tasStiebin\u0117 gumos med\u017eiaga: TPR &#8211; termoplastin\u0117 gumaBendras \u012frankio ilgis: 455 mmGalvos svoris: 1000 gSvoris:1,125kg<\/p>","protected":false},"excerpt":{"rendered":"<p>Kirvis stiklo pluo\u0161to rankena 1000g<\/p>","protected":false},"featured_media":250019,"comment_status":"open","ping_status":"open","template":"","meta":[],"product_cat":[9457],"product_tag":[9810],"class_list":{"0":"post-403210","1":"product","2":"type-product","3":"status-publish","4":"has-post-thumbnail","6":"product_brand-geko-lenkija","7":"product_cat-kirviai-kalunai-pleistai","8":"product_tag-geko-lenkija","10":"first","11":"instock","12":"purchasable","13":"product-type-simple"},"jetpack_sharing_enabled":true,"_links":{"self":[{"href":"https:\/\/irankiuzona.lt\/ru\/wp-json\/wp\/v2\/product\/403210","targetHints":{"allow":["GET"]}}],"collection":[{"href":"https:\/\/irankiuzona.lt\/ru\/wp-json\/wp\/v2\/product"}],"about":[{"href":"https:\/\/irankiuzona.lt\/ru\/wp-json\/wp\/v2\/types\/product"}],"replies":[{"embeddable":true,"href":"https:\/\/irankiuzona.lt\/ru\/wp-json\/wp\/v2\/comments?post=403210"}],"version-history":[{"count":1,"href":"https:\/\/irankiuzona.lt\/ru\/wp-json\/wp\/v2\/product\/403210\/revisions"}],"predecessor-version":[{"id":418671,"href":"https:\/\/irankiuzona.lt\/ru\/wp-json\/wp\/v2\/product\/403210\/revisions\/418671"}],"wp:featuredmedia":[{"embeddable":true,"href":"https:\/\/irankiuzona.lt\/ru\/wp-json\/wp\/v2\/media\/250019"}],"wp:attachment":[{"href":"https:\/\/irankiuzona.lt\/ru\/wp-json\/wp\/v2\/media?parent=403210"}],"wp:term":[{"taxonomy":"product_cat","embeddable":true,"href":"https:\/\/irankiuzona.lt\/ru\/wp-json\/wp\/v2\/product_cat?post=403210"},{"taxonomy":"product_tag","embeddable":true,"href":"https:\/\/irankiuzona.lt\/ru\/wp-json\/wp\/v2\/product_tag?post=403210"}],"curies":[{"name":"wp","href":"https:\/\/api.w.org\/{rel}","templated":true}]}}