{"id":403212,"date":"2025-05-15T15:33:38","date_gmt":"2025-05-15T15:33:38","guid":{"rendered":"https:\/\/irankiuzona.lt\/product\/kirvis-1000g-stiklo-pluosto-rankena\/"},"modified":"2026-04-10T15:58:38","modified_gmt":"2026-04-10T15:58:38","slug":"kirvis-1000g-stiklo-pluosto-rankena","status":"publish","type":"product","link":"https:\/\/irankiuzona.lt\/ru\/product\/kirvis-1000g-stiklo-pluosto-rankena\/","title":{"rendered":"Kirvis 1000g stiklo pluo\u0161to rankena"},"content":{"rendered":"<p>Technin\u0117s specifikacijos:Galvos med\u017eiaga: anglinis plienasRankenos med\u017eiaga: stiklo pluo\u0161tasStiebin\u0117 gumos med\u017eiaga: TPR &#8211; termoplastin\u0117 gumaBendras \u012frankio ilgis: 440 mmGalvos svoris: 1000 gSvoris:1,17kg<\/p>","protected":false},"excerpt":{"rendered":"<p>Kirvis 1000g stiklo pluo\u0161to rankena<\/p>","protected":false},"featured_media":250022,"comment_status":"open","ping_status":"open","template":"","meta":[],"product_cat":[9457],"product_tag":[9810],"class_list":{"0":"post-403212","1":"product","2":"type-product","3":"status-publish","4":"has-post-thumbnail","6":"product_brand-geko-lenkija","7":"product_cat-kirviai-kalunai-pleistai","8":"product_tag-geko-lenkija","10":"first","11":"instock","12":"purchasable","13":"product-type-simple"},"jetpack_sharing_enabled":true,"_links":{"self":[{"href":"https:\/\/irankiuzona.lt\/ru\/wp-json\/wp\/v2\/product\/403212","targetHints":{"allow":["GET"]}}],"collection":[{"href":"https:\/\/irankiuzona.lt\/ru\/wp-json\/wp\/v2\/product"}],"about":[{"href":"https:\/\/irankiuzona.lt\/ru\/wp-json\/wp\/v2\/types\/product"}],"replies":[{"embeddable":true,"href":"https:\/\/irankiuzona.lt\/ru\/wp-json\/wp\/v2\/comments?post=403212"}],"version-history":[{"count":1,"href":"https:\/\/irankiuzona.lt\/ru\/wp-json\/wp\/v2\/product\/403212\/revisions"}],"predecessor-version":[{"id":418672,"href":"https:\/\/irankiuzona.lt\/ru\/wp-json\/wp\/v2\/product\/403212\/revisions\/418672"}],"wp:featuredmedia":[{"embeddable":true,"href":"https:\/\/irankiuzona.lt\/ru\/wp-json\/wp\/v2\/media\/250022"}],"wp:attachment":[{"href":"https:\/\/irankiuzona.lt\/ru\/wp-json\/wp\/v2\/media?parent=403212"}],"wp:term":[{"taxonomy":"product_cat","embeddable":true,"href":"https:\/\/irankiuzona.lt\/ru\/wp-json\/wp\/v2\/product_cat?post=403212"},{"taxonomy":"product_tag","embeddable":true,"href":"https:\/\/irankiuzona.lt\/ru\/wp-json\/wp\/v2\/product_tag?post=403212"}],"curies":[{"name":"wp","href":"https:\/\/api.w.org\/{rel}","templated":true}]}}