{"id":403228,"date":"2025-05-15T15:38:42","date_gmt":"2025-05-15T15:38:42","guid":{"rendered":"https:\/\/irankiuzona.lt\/product\/variklio-fiksatoriai-vag-audi-vw-seat-skoda-ir-ford-12-14-19-tdi-pd-2\/"},"modified":"2026-03-16T15:15:34","modified_gmt":"2026-03-16T15:15:34","slug":"variklio-fiksatoriai-vag-audi-vw-seat-skoda-ir-ford-12-14-19-tdi-pd-2","status":"publish","type":"product","link":"https:\/\/irankiuzona.lt\/ru\/product\/variklio-fiksatoriai-vag-audi-vw-seat-skoda-ir-ford-12-14-19-tdi-pd-2\/","title":{"rendered":"Variklio fiksatoriai (VAG\/ Audi, VW, Seat, \u0160koda ir Ford 1,2 1,4 1,9 TDI PD)"},"content":{"rendered":"<p>U\u017eblokuoti:- \u012fpur\u0161kimo siurblio skremul\u012f VW-AUDI, SEAT, SKODA, 1.9D SD, SDI, TD ir TDI- alk\u016bnin\u012f velen\u0105 VW-AUDI, FORD, SEAT, SKODA, TDI, TD, D ir benzininiams varikliamsTinka VAG turbo dyzeliniams varikliamsVarikli\u0173 kodai: ANY, AYZ, AMF, ATL, BAY, BHC, BNM, BNV, AJM, AMG, ANU, ARL, ARX, ASZ, ATD, ATJ, AUY, AVB, AVF, AVQ, AWX, AXB, AXC, AXR, BEW, BJB, BKC, BKE, BLS, BLT, BPX, BRB, BRM, BRU, BSV, BSW, BTB, BVK, ANU, ASZ, AUY AZV, BKD, BDJ, BDK, BGW, BHW, BKP, BLB, BMA, BMM, BMN, BMP, BMR, BNA, BPW, BRC, BRE, BRF, BRT, BSS, BUY, BUZ, BVE, BVF, BVG, BVH, BWV<\/p>","protected":false},"excerpt":{"rendered":"<p>Variklio fiksatoriai (VAG\/ Audi, VW, Seat, \u0160koda ir Ford 1,2 1,4 1,9 TDI PD)<\/p>","protected":false},"featured_media":250591,"comment_status":"open","ping_status":"open","template":"","meta":[],"product_cat":[9543],"product_tag":[9810],"class_list":{"0":"post-403228","1":"product","2":"type-product","3":"status-publish","4":"has-post-thumbnail","6":"product_brand-geko-lenkija","7":"product_cat-vag-vw-skoda-blokatoriai","8":"product_tag-geko-lenkija","10":"first","11":"outofstock","12":"purchasable","13":"product-type-simple"},"jetpack_sharing_enabled":true,"_links":{"self":[{"href":"https:\/\/irankiuzona.lt\/ru\/wp-json\/wp\/v2\/product\/403228","targetHints":{"allow":["GET"]}}],"collection":[{"href":"https:\/\/irankiuzona.lt\/ru\/wp-json\/wp\/v2\/product"}],"about":[{"href":"https:\/\/irankiuzona.lt\/ru\/wp-json\/wp\/v2\/types\/product"}],"replies":[{"embeddable":true,"href":"https:\/\/irankiuzona.lt\/ru\/wp-json\/wp\/v2\/comments?post=403228"}],"version-history":[{"count":1,"href":"https:\/\/irankiuzona.lt\/ru\/wp-json\/wp\/v2\/product\/403228\/revisions"}],"predecessor-version":[{"id":418857,"href":"https:\/\/irankiuzona.lt\/ru\/wp-json\/wp\/v2\/product\/403228\/revisions\/418857"}],"wp:featuredmedia":[{"embeddable":true,"href":"https:\/\/irankiuzona.lt\/ru\/wp-json\/wp\/v2\/media\/250591"}],"wp:attachment":[{"href":"https:\/\/irankiuzona.lt\/ru\/wp-json\/wp\/v2\/media?parent=403228"}],"wp:term":[{"taxonomy":"product_cat","embeddable":true,"href":"https:\/\/irankiuzona.lt\/ru\/wp-json\/wp\/v2\/product_cat?post=403228"},{"taxonomy":"product_tag","embeddable":true,"href":"https:\/\/irankiuzona.lt\/ru\/wp-json\/wp\/v2\/product_tag?post=403228"}],"curies":[{"name":"wp","href":"https:\/\/api.w.org\/{rel}","templated":true}]}}