{"id":403232,"date":"2025-05-15T15:38:46","date_gmt":"2025-05-15T15:38:46","guid":{"rendered":"https:\/\/irankiuzona.lt\/product\/vamzdeliu-lankstymo-irankis-8\/"},"modified":"2026-04-15T07:05:53","modified_gmt":"2026-04-15T07:05:53","slug":"vamzdeliu-lankstymo-irankis-8","status":"publish","type":"product","link":"https:\/\/irankiuzona.lt\/ru\/product\/vamzdeliu-lankstymo-irankis-8\/","title":{"rendered":"Vamzdeli\u0173 lankstymo \u012frankis"},"content":{"rendered":"<p>Prek\u0117s savyb\u0117sVamzdeli\u0173 lankstymo \u012frankis\u00f8 6 &#8211; 8 &#8211; 10 mmSvoris:0,55kg<\/p>","protected":false},"excerpt":{"rendered":"<p>Vamzdeli\u0173 lankstymo \u012frankis<\/p>","protected":false},"featured_media":250597,"comment_status":"open","ping_status":"open","template":"","meta":[],"product_cat":[9597],"product_tag":[9810],"class_list":{"0":"post-403232","1":"product","2":"type-product","3":"status-publish","4":"has-post-thumbnail","6":"product_brand-geko-lenkija","7":"product_cat-vamzdeliu-lankstymui","8":"product_tag-geko-lenkija","10":"first","11":"instock","12":"purchasable","13":"product-type-simple"},"jetpack_sharing_enabled":true,"_links":{"self":[{"href":"https:\/\/irankiuzona.lt\/ru\/wp-json\/wp\/v2\/product\/403232","targetHints":{"allow":["GET"]}}],"collection":[{"href":"https:\/\/irankiuzona.lt\/ru\/wp-json\/wp\/v2\/product"}],"about":[{"href":"https:\/\/irankiuzona.lt\/ru\/wp-json\/wp\/v2\/types\/product"}],"replies":[{"embeddable":true,"href":"https:\/\/irankiuzona.lt\/ru\/wp-json\/wp\/v2\/comments?post=403232"}],"version-history":[{"count":1,"href":"https:\/\/irankiuzona.lt\/ru\/wp-json\/wp\/v2\/product\/403232\/revisions"}],"predecessor-version":[{"id":418859,"href":"https:\/\/irankiuzona.lt\/ru\/wp-json\/wp\/v2\/product\/403232\/revisions\/418859"}],"wp:featuredmedia":[{"embeddable":true,"href":"https:\/\/irankiuzona.lt\/ru\/wp-json\/wp\/v2\/media\/250597"}],"wp:attachment":[{"href":"https:\/\/irankiuzona.lt\/ru\/wp-json\/wp\/v2\/media?parent=403232"}],"wp:term":[{"taxonomy":"product_cat","embeddable":true,"href":"https:\/\/irankiuzona.lt\/ru\/wp-json\/wp\/v2\/product_cat?post=403232"},{"taxonomy":"product_tag","embeddable":true,"href":"https:\/\/irankiuzona.lt\/ru\/wp-json\/wp\/v2\/product_tag?post=403232"}],"curies":[{"name":"wp","href":"https:\/\/api.w.org\/{rel}","templated":true}]}}