{"id":403238,"date":"2025-05-15T15:38:52","date_gmt":"2025-05-15T15:38:52","guid":{"rendered":"https:\/\/irankiuzona.lt\/product\/lazerinis-gulsciukas-matuoklis-25m-2\/"},"modified":"2026-04-14T14:22:40","modified_gmt":"2026-04-14T14:22:40","slug":"lazerinis-gulsciukas-matuoklis-25m-2","status":"publish","type":"product","link":"https:\/\/irankiuzona.lt\/ru\/product\/lazerinis-gulsciukas-matuoklis-25m-2\/","title":{"rendered":"Lazerinis guls\u010diukas\/matuoklis 2,5m"},"content":{"rendered":"<p>\u00a0Prek\u0117s savyb\u0117s\u00a0\u00a0\u00a0 Lazeris turi 3 \u017eym\u0117jimo re\u017eimus: vertikal\u0173, horizontal\u0173 ir kry\u017emin\u012f\u00a0\u00a0\u00a0 8 p\u0117d\u0173 \/ 250 cm matavimo juosta 1\/32 &quot;ir 1 mm \u017eingsniais\u00a0\u00a0\u00a0 Lygus buteliukas\u00a0\u00a0\u00a0 Vertikalus buteliukas\u00a0\u00a0\u00a0 45 \u00b0 buteliukas\u00a0\u00a0\u00a0 Lazerio \u012fjungimo \/ i\u0161jungimo jungiklis\u00a0\u00a0\u00a0 Standartinis ir metrinis liniuot\u0117\u00a0\u00a0\u00a0 Maitinamas 3 LR44 AG13 baterijomis\u00a0\u00a0\u00a0 Techniniai duomenys\u00a0\u00a0\u00a0 Bendras ilgis: 190 mm\u00a0\u00a0\u00a0 Lazeris: IIIA klas\u0117s lazeris, 5mW i\u0161\u0117jimo galia\u00a0\u00a0\u00a0 Lazerio bangos ilgis: 630-650nm\u00a0\u00a0\u00a0 Liniuot\u0117: 15 cm\u00a0\u00a0\u00a0 Matavimo juosta: 250cm \/ 8ft\u00a0\u00a0\u00a0 Med\u017eiaga: ABS, aliuminis<\/p>","protected":false},"excerpt":{"rendered":"<p>Lazerinis guls\u010diukas\/matuoklis 2,5m<\/p>","protected":false},"featured_media":250606,"comment_status":"open","ping_status":"open","template":"","meta":[],"product_cat":[9973],"product_tag":[9810],"class_list":{"0":"post-403238","1":"product","2":"type-product","3":"status-publish","4":"has-post-thumbnail","6":"product_brand-geko-lenkija","7":"product_cat-lazeriniai-matuokliai","8":"product_tag-geko-lenkija","10":"first","11":"instock","12":"purchasable","13":"product-type-simple"},"jetpack_sharing_enabled":true,"_links":{"self":[{"href":"https:\/\/irankiuzona.lt\/ru\/wp-json\/wp\/v2\/product\/403238","targetHints":{"allow":["GET"]}}],"collection":[{"href":"https:\/\/irankiuzona.lt\/ru\/wp-json\/wp\/v2\/product"}],"about":[{"href":"https:\/\/irankiuzona.lt\/ru\/wp-json\/wp\/v2\/types\/product"}],"replies":[{"embeddable":true,"href":"https:\/\/irankiuzona.lt\/ru\/wp-json\/wp\/v2\/comments?post=403238"}],"version-history":[{"count":1,"href":"https:\/\/irankiuzona.lt\/ru\/wp-json\/wp\/v2\/product\/403238\/revisions"}],"predecessor-version":[{"id":418862,"href":"https:\/\/irankiuzona.lt\/ru\/wp-json\/wp\/v2\/product\/403238\/revisions\/418862"}],"wp:featuredmedia":[{"embeddable":true,"href":"https:\/\/irankiuzona.lt\/ru\/wp-json\/wp\/v2\/media\/250606"}],"wp:attachment":[{"href":"https:\/\/irankiuzona.lt\/ru\/wp-json\/wp\/v2\/media?parent=403238"}],"wp:term":[{"taxonomy":"product_cat","embeddable":true,"href":"https:\/\/irankiuzona.lt\/ru\/wp-json\/wp\/v2\/product_cat?post=403238"},{"taxonomy":"product_tag","embeddable":true,"href":"https:\/\/irankiuzona.lt\/ru\/wp-json\/wp\/v2\/product_tag?post=403238"}],"curies":[{"name":"wp","href":"https:\/\/api.w.org\/{rel}","templated":true}]}}