{"id":403242,"date":"2025-05-15T15:38:55","date_gmt":"2025-05-15T15:38:55","guid":{"rendered":"https:\/\/irankiuzona.lt\/product\/raktas-pastoliams-19x22mm-terkslinis-dvipusis-3\/"},"modified":"2026-03-18T11:21:00","modified_gmt":"2026-03-18T11:21:00","slug":"raktas-pastoliams-19x22mm-terkslinis-dvipusis-3","status":"publish","type":"product","link":"https:\/\/irankiuzona.lt\/ru\/product\/raktas-pastoliams-19x22mm-terkslinis-dvipusis-3\/","title":{"rendered":"Raktas pastoliams 19x22mm terk\u0161linis, dvipusis"},"content":{"rendered":"<p>Prek\u0117s savyb\u0117s:Dydis: 19 x 22 mmIlgis: 320 mmchrome vanadium steel<\/p>","protected":false},"excerpt":{"rendered":"<p>Raktas pastoliams 19x22mm terk\u0161linis, dvipusis<\/p>","protected":false},"featured_media":250612,"comment_status":"open","ping_status":"open","template":"","meta":[],"product_cat":[9611],"product_tag":[9810],"class_list":{"0":"post-403242","1":"product","2":"type-product","3":"status-publish","4":"has-post-thumbnail","6":"product_brand-geko-lenkija","7":"product_cat-spec-raktai","8":"product_tag-geko-lenkija","10":"first","11":"outofstock","12":"purchasable","13":"product-type-simple"},"jetpack_sharing_enabled":true,"_links":{"self":[{"href":"https:\/\/irankiuzona.lt\/ru\/wp-json\/wp\/v2\/product\/403242","targetHints":{"allow":["GET"]}}],"collection":[{"href":"https:\/\/irankiuzona.lt\/ru\/wp-json\/wp\/v2\/product"}],"about":[{"href":"https:\/\/irankiuzona.lt\/ru\/wp-json\/wp\/v2\/types\/product"}],"replies":[{"embeddable":true,"href":"https:\/\/irankiuzona.lt\/ru\/wp-json\/wp\/v2\/comments?post=403242"}],"version-history":[{"count":1,"href":"https:\/\/irankiuzona.lt\/ru\/wp-json\/wp\/v2\/product\/403242\/revisions"}],"predecessor-version":[{"id":418864,"href":"https:\/\/irankiuzona.lt\/ru\/wp-json\/wp\/v2\/product\/403242\/revisions\/418864"}],"wp:featuredmedia":[{"embeddable":true,"href":"https:\/\/irankiuzona.lt\/ru\/wp-json\/wp\/v2\/media\/250612"}],"wp:attachment":[{"href":"https:\/\/irankiuzona.lt\/ru\/wp-json\/wp\/v2\/media?parent=403242"}],"wp:term":[{"taxonomy":"product_cat","embeddable":true,"href":"https:\/\/irankiuzona.lt\/ru\/wp-json\/wp\/v2\/product_cat?post=403242"},{"taxonomy":"product_tag","embeddable":true,"href":"https:\/\/irankiuzona.lt\/ru\/wp-json\/wp\/v2\/product_tag?post=403242"}],"curies":[{"name":"wp","href":"https:\/\/api.w.org\/{rel}","templated":true}]}}