{"id":403264,"date":"2025-05-15T15:42:53","date_gmt":"2025-05-15T15:42:53","guid":{"rendered":"https:\/\/irankiuzona.lt\/product\/svertiniu-lauztuvu-komplektas-4-daliu-5\/"},"modified":"2026-03-16T15:20:17","modified_gmt":"2026-03-16T15:20:17","slug":"svertiniu-lauztuvu-komplektas-4-daliu-5","status":"publish","type":"product","link":"https:\/\/irankiuzona.lt\/ru\/product\/svertiniu-lauztuvu-komplektas-4-daliu-5\/","title":{"rendered":"Svertini\u0173 lau\u017etuv\u0173 komplektas \/ 4 dali\u0173"},"content":{"rendered":"<p>Techniniai duomenysIlgiai: 200, 300, 450 ir 600 mm\u00a0\u00a0\u00a0 \u00a0svoris:1,13kg<\/p>","protected":false},"excerpt":{"rendered":"<p>Svertini\u0173 lau\u017etuv\u0173 komplektas \/ 4 dali\u0173<\/p>","protected":false},"featured_media":251050,"comment_status":"open","ping_status":"open","template":"","meta":[],"product_cat":[9535],"product_tag":[9810],"class_list":{"0":"post-403264","1":"product","2":"type-product","3":"status-publish","4":"has-post-thumbnail","6":"product_brand-geko-lenkija","7":"product_cat-montiruotes-svertai","8":"product_tag-geko-lenkija","10":"first","11":"outofstock","12":"purchasable","13":"product-type-simple"},"jetpack_sharing_enabled":true,"_links":{"self":[{"href":"https:\/\/irankiuzona.lt\/ru\/wp-json\/wp\/v2\/product\/403264","targetHints":{"allow":["GET"]}}],"collection":[{"href":"https:\/\/irankiuzona.lt\/ru\/wp-json\/wp\/v2\/product"}],"about":[{"href":"https:\/\/irankiuzona.lt\/ru\/wp-json\/wp\/v2\/types\/product"}],"replies":[{"embeddable":true,"href":"https:\/\/irankiuzona.lt\/ru\/wp-json\/wp\/v2\/comments?post=403264"}],"version-history":[{"count":1,"href":"https:\/\/irankiuzona.lt\/ru\/wp-json\/wp\/v2\/product\/403264\/revisions"}],"predecessor-version":[{"id":419001,"href":"https:\/\/irankiuzona.lt\/ru\/wp-json\/wp\/v2\/product\/403264\/revisions\/419001"}],"wp:featuredmedia":[{"embeddable":true,"href":"https:\/\/irankiuzona.lt\/ru\/wp-json\/wp\/v2\/media\/251050"}],"wp:attachment":[{"href":"https:\/\/irankiuzona.lt\/ru\/wp-json\/wp\/v2\/media?parent=403264"}],"wp:term":[{"taxonomy":"product_cat","embeddable":true,"href":"https:\/\/irankiuzona.lt\/ru\/wp-json\/wp\/v2\/product_cat?post=403264"},{"taxonomy":"product_tag","embeddable":true,"href":"https:\/\/irankiuzona.lt\/ru\/wp-json\/wp\/v2\/product_tag?post=403264"}],"curies":[{"name":"wp","href":"https:\/\/api.w.org\/{rel}","templated":true}]}}