{"id":403286,"date":"2025-05-15T15:43:29","date_gmt":"2025-05-15T15:43:29","guid":{"rendered":"https:\/\/irankiuzona.lt\/product\/irankiu-komplektas-1-41-2-6-kamp-94-daliu-2\/"},"modified":"2026-03-03T11:45:42","modified_gmt":"2026-03-03T11:45:42","slug":"irankiu-komplektas-1-41-2-6-kamp-94-daliu-2","status":"publish","type":"product","link":"https:\/\/irankiuzona.lt\/ru\/product\/irankiu-komplektas-1-41-2-6-kamp-94-daliu-2\/","title":{"rendered":"\u012eranki\u0173 komplektas 1\/4+1\/2 &quot;6-kamp.&quot; 94 dali\u0173"},"content":{"rendered":"<p>TECHNINIAI DUOMENYS :1\/2 : 10,11,12,13,14,15,16,17,18,19,20,21,22,23,24,27,30,32mm.1\/2 &quot;ilgio lizdai: 14,15,17,19mm.1\/2 &quot;\u017evaki\u0173 lizdai: 16,21 mm1\/4 &quot;lizdai: 4,4,5,5,5,5,6,7,8,9,10,11,12,13,14mm.1\/4 &quot;ilgio lizdai: 6,7,8,9,10,11,12,13mm.1\/4 &quot;lizdai su antgaliais:\u201eTorx\u201c (T8,10,15,20,25,30)\u201eAllen\u201c raktas (3,4,5,6 mm)PZ (1.2), PH (1.2)Plok\u0161\u010dias (4,5,5,7 mm)bitai:\u201eAllen\u201c raktas (6,8,10,12,14mm)PH (3,4)Plok\u0161\u010dias (8,10,12mm)HP (3,4)\u201eTorx\u201c (T40,45,50,55).1\/2 &quot;atsuktuvas lizdams ir antgaliams.1\/2 &quot;bit\u0173 adapteris.1\/2 &quot;ir 1\/4&quot; reketai.1\/2 &quot;(125,250mm) ir 1\/4&quot; (50,100mm) prailginimai, taip pat 1\/4 &quot;(150mm) i\u0161lenktas prailginimas.1\/2 &quot;\u012fvor\u0117T tipo ranken\u0117l\u0117 su 1\/4 &quot;va\u017eiuojamosios dalies kvadratu.1\/2 &quot;ir 1\/4&quot; kardaniniai sujungimai.L tipo \u0161e\u0161iakampiai raktai (1,5,2,3 mm).svoris:5,75kg<\/p>","protected":false},"excerpt":{"rendered":"<p>\u012eranki\u0173 komplektas 1\/4+1\/2 &quot;6-kamp.&quot; 94 dali\u0173<\/p>","protected":false},"featured_media":251105,"comment_status":"open","ping_status":"open","template":"","meta":[],"product_cat":[9491],"product_tag":[9810],"class_list":{"0":"post-403286","1":"product","2":"type-product","3":"status-publish","4":"has-post-thumbnail","6":"product_brand-geko-lenkija","7":"product_cat-kombinuoti-irankiu-komplektai-1-4-3-8-1-2","8":"product_tag-geko-lenkija","10":"first","11":"outofstock","12":"purchasable","13":"product-type-simple"},"jetpack_sharing_enabled":true,"_links":{"self":[{"href":"https:\/\/irankiuzona.lt\/ru\/wp-json\/wp\/v2\/product\/403286","targetHints":{"allow":["GET"]}}],"collection":[{"href":"https:\/\/irankiuzona.lt\/ru\/wp-json\/wp\/v2\/product"}],"about":[{"href":"https:\/\/irankiuzona.lt\/ru\/wp-json\/wp\/v2\/types\/product"}],"replies":[{"embeddable":true,"href":"https:\/\/irankiuzona.lt\/ru\/wp-json\/wp\/v2\/comments?post=403286"}],"version-history":[{"count":1,"href":"https:\/\/irankiuzona.lt\/ru\/wp-json\/wp\/v2\/product\/403286\/revisions"}],"predecessor-version":[{"id":419020,"href":"https:\/\/irankiuzona.lt\/ru\/wp-json\/wp\/v2\/product\/403286\/revisions\/419020"}],"wp:featuredmedia":[{"embeddable":true,"href":"https:\/\/irankiuzona.lt\/ru\/wp-json\/wp\/v2\/media\/251105"}],"wp:attachment":[{"href":"https:\/\/irankiuzona.lt\/ru\/wp-json\/wp\/v2\/media?parent=403286"}],"wp:term":[{"taxonomy":"product_cat","embeddable":true,"href":"https:\/\/irankiuzona.lt\/ru\/wp-json\/wp\/v2\/product_cat?post=403286"},{"taxonomy":"product_tag","embeddable":true,"href":"https:\/\/irankiuzona.lt\/ru\/wp-json\/wp\/v2\/product_tag?post=403286"}],"curies":[{"name":"wp","href":"https:\/\/api.w.org\/{rel}","templated":true}]}}