{"id":403310,"date":"2025-05-15T15:44:27","date_gmt":"2025-05-15T15:44:27","guid":{"rendered":"https:\/\/irankiuzona.lt\/product\/kedute-mechaniko-su-ratukais-12\/"},"modified":"2026-03-18T11:30:52","modified_gmt":"2026-03-18T11:30:52","slug":"kedute-mechaniko-su-ratukais-12","status":"publish","type":"product","link":"https:\/\/irankiuzona.lt\/ru\/product\/kedute-mechaniko-su-ratukais-12\/","title":{"rendered":"K\u0117dut\u0117 mechaniko su ratukais"},"content":{"rendered":"<p>Techniniai duomenysauk\u0161tis 425 &#8211; 540 mmS\u0117dyn\u0117s skersmuo 300 mmD\u0117klo skersmuo 400 mmMaksimali apkrova 136 kgRato skersmuo 60 mmSvoris:6kg<\/p>","protected":false},"excerpt":{"rendered":"<p>K\u0117dut\u0117 mechaniko su ratukais<\/p>","protected":false},"featured_media":251187,"comment_status":"open","ping_status":"open","template":"","meta":[],"product_cat":[9761],"product_tag":[9810],"class_list":{"0":"post-403310","1":"product","2":"type-product","3":"status-publish","4":"has-post-thumbnail","6":"product_brand-geko-lenkija","7":"product_cat-mechaniko-gultai-kedutes","8":"product_tag-geko-lenkija","10":"first","11":"outofstock","12":"purchasable","13":"product-type-simple"},"jetpack_sharing_enabled":true,"_links":{"self":[{"href":"https:\/\/irankiuzona.lt\/ru\/wp-json\/wp\/v2\/product\/403310","targetHints":{"allow":["GET"]}}],"collection":[{"href":"https:\/\/irankiuzona.lt\/ru\/wp-json\/wp\/v2\/product"}],"about":[{"href":"https:\/\/irankiuzona.lt\/ru\/wp-json\/wp\/v2\/types\/product"}],"replies":[{"embeddable":true,"href":"https:\/\/irankiuzona.lt\/ru\/wp-json\/wp\/v2\/comments?post=403310"}],"version-history":[{"count":1,"href":"https:\/\/irankiuzona.lt\/ru\/wp-json\/wp\/v2\/product\/403310\/revisions"}],"predecessor-version":[{"id":419047,"href":"https:\/\/irankiuzona.lt\/ru\/wp-json\/wp\/v2\/product\/403310\/revisions\/419047"}],"wp:featuredmedia":[{"embeddable":true,"href":"https:\/\/irankiuzona.lt\/ru\/wp-json\/wp\/v2\/media\/251187"}],"wp:attachment":[{"href":"https:\/\/irankiuzona.lt\/ru\/wp-json\/wp\/v2\/media?parent=403310"}],"wp:term":[{"taxonomy":"product_cat","embeddable":true,"href":"https:\/\/irankiuzona.lt\/ru\/wp-json\/wp\/v2\/product_cat?post=403310"},{"taxonomy":"product_tag","embeddable":true,"href":"https:\/\/irankiuzona.lt\/ru\/wp-json\/wp\/v2\/product_tag?post=403310"}],"curies":[{"name":"wp","href":"https:\/\/api.w.org\/{rel}","templated":true}]}}