{"id":403336,"date":"2025-05-15T15:50:29","date_gmt":"2025-05-15T15:50:29","guid":{"rendered":"https:\/\/irankiuzona.lt\/product\/sunu-ir-kaciu-sukavimo-pirstine-2\/"},"modified":"2026-03-19T07:00:26","modified_gmt":"2026-03-19T07:00:26","slug":"sunu-ir-kaciu-sukavimo-pirstine-2","status":"publish","type":"product","link":"https:\/\/irankiuzona.lt\/ru\/product\/sunu-ir-kaciu-sukavimo-pirstine-2\/","title":{"rendered":"\u0160un\u0173 ir ka\u010di\u0173 \u0161ukavimo pir\u0161tin\u0117"},"content":{"rendered":"","protected":false},"excerpt":{"rendered":"<p>\u0160un\u0173 ir ka\u010di\u0173 \u0161ukavimo pir\u0161tin\u0117<\/p>","protected":false},"featured_media":251975,"comment_status":"open","ping_status":"open","template":"","meta":[],"product_cat":[10061],"product_tag":[9810],"class_list":{"0":"post-403336","1":"product","2":"type-product","3":"status-publish","4":"has-post-thumbnail","6":"product_brand-geko-lenkija","7":"product_cat-sanitarines-higienines-prekes-pleistrai","8":"product_tag-geko-lenkija","10":"first","11":"outofstock","12":"purchasable","13":"product-type-simple"},"jetpack_sharing_enabled":true,"_links":{"self":[{"href":"https:\/\/irankiuzona.lt\/ru\/wp-json\/wp\/v2\/product\/403336","targetHints":{"allow":["GET"]}}],"collection":[{"href":"https:\/\/irankiuzona.lt\/ru\/wp-json\/wp\/v2\/product"}],"about":[{"href":"https:\/\/irankiuzona.lt\/ru\/wp-json\/wp\/v2\/types\/product"}],"replies":[{"embeddable":true,"href":"https:\/\/irankiuzona.lt\/ru\/wp-json\/wp\/v2\/comments?post=403336"}],"version-history":[{"count":1,"href":"https:\/\/irankiuzona.lt\/ru\/wp-json\/wp\/v2\/product\/403336\/revisions"}],"predecessor-version":[{"id":419260,"href":"https:\/\/irankiuzona.lt\/ru\/wp-json\/wp\/v2\/product\/403336\/revisions\/419260"}],"wp:featuredmedia":[{"embeddable":true,"href":"https:\/\/irankiuzona.lt\/ru\/wp-json\/wp\/v2\/media\/251975"}],"wp:attachment":[{"href":"https:\/\/irankiuzona.lt\/ru\/wp-json\/wp\/v2\/media?parent=403336"}],"wp:term":[{"taxonomy":"product_cat","embeddable":true,"href":"https:\/\/irankiuzona.lt\/ru\/wp-json\/wp\/v2\/product_cat?post=403336"},{"taxonomy":"product_tag","embeddable":true,"href":"https:\/\/irankiuzona.lt\/ru\/wp-json\/wp\/v2\/product_tag?post=403336"}],"curies":[{"name":"wp","href":"https:\/\/api.w.org\/{rel}","templated":true}]}}