{"id":403338,"date":"2025-05-15T15:50:32","date_gmt":"2025-05-15T15:50:32","guid":{"rendered":"https:\/\/irankiuzona.lt\/product\/vidiniu-guoliu-nuemejas-10-32mm-5dalys-3\/"},"modified":"2026-04-17T18:05:51","modified_gmt":"2026-04-17T18:05:51","slug":"vidiniu-guoliu-nuemejas-10-32mm-5dalys-3","status":"publish","type":"product","link":"https:\/\/irankiuzona.lt\/ru\/product\/vidiniu-guoliu-nuemejas-10-32mm-5dalys-3\/","title":{"rendered":"Vidini\u0173 guoli\u0173 nu\u0117m\u0117jas 10-32mm \/ 5DALYS"},"content":{"rendered":"<p>Produkto charakteristikos:Auk\u0161tos kokyb\u0117s1 kg plaktukasPridedami 4 adapteriai: 10-14mm, 15-19mm, 18-25mm, 25-32mmLeid\u017eia lengvai nuimti vidinius rutulinius ir adatinius guolius<\/p>","protected":false},"excerpt":{"rendered":"<p>Vidini\u0173 guoli\u0173 nu\u0117m\u0117jas 10-32mm \/ 5DALYS<\/p>","protected":false},"featured_media":187824,"comment_status":"open","ping_status":"open","template":"","meta":[],"product_cat":[9533],"product_tag":[9810],"class_list":{"0":"post-403338","1":"product","2":"type-product","3":"status-publish","4":"has-post-thumbnail","6":"product_brand-geko-lenkija","7":"product_cat-vidiniu-guoliu-nuemejai-istraukejai","8":"product_tag-geko-lenkija","10":"first","11":"outofstock","12":"purchasable","13":"product-type-simple"},"jetpack_sharing_enabled":true,"_links":{"self":[{"href":"https:\/\/irankiuzona.lt\/ru\/wp-json\/wp\/v2\/product\/403338","targetHints":{"allow":["GET"]}}],"collection":[{"href":"https:\/\/irankiuzona.lt\/ru\/wp-json\/wp\/v2\/product"}],"about":[{"href":"https:\/\/irankiuzona.lt\/ru\/wp-json\/wp\/v2\/types\/product"}],"replies":[{"embeddable":true,"href":"https:\/\/irankiuzona.lt\/ru\/wp-json\/wp\/v2\/comments?post=403338"}],"version-history":[{"count":1,"href":"https:\/\/irankiuzona.lt\/ru\/wp-json\/wp\/v2\/product\/403338\/revisions"}],"predecessor-version":[{"id":419261,"href":"https:\/\/irankiuzona.lt\/ru\/wp-json\/wp\/v2\/product\/403338\/revisions\/419261"}],"wp:featuredmedia":[{"embeddable":true,"href":"https:\/\/irankiuzona.lt\/ru\/wp-json\/wp\/v2\/media\/187824"}],"wp:attachment":[{"href":"https:\/\/irankiuzona.lt\/ru\/wp-json\/wp\/v2\/media?parent=403338"}],"wp:term":[{"taxonomy":"product_cat","embeddable":true,"href":"https:\/\/irankiuzona.lt\/ru\/wp-json\/wp\/v2\/product_cat?post=403338"},{"taxonomy":"product_tag","embeddable":true,"href":"https:\/\/irankiuzona.lt\/ru\/wp-json\/wp\/v2\/product_tag?post=403338"}],"curies":[{"name":"wp","href":"https:\/\/api.w.org\/{rel}","templated":true}]}}