{"id":403342,"date":"2025-05-15T15:50:44","date_gmt":"2025-05-15T15:50:44","guid":{"rendered":"https:\/\/irankiuzona.lt\/product\/kaltu-komplektas-medziui-4vnt-6-24mm-2\/"},"modified":"2026-04-21T16:40:22","modified_gmt":"2026-04-21T16:40:22","slug":"kaltu-komplektas-medziui-4vnt-6-24mm-2","status":"publish","type":"product","link":"https:\/\/irankiuzona.lt\/ru\/product\/kaltu-komplektas-medziui-4vnt-6-24mm-2\/","title":{"rendered":"Kalt\u0173 komplektas med\u017eiui 4vnt 6-24mm"},"content":{"rendered":"","protected":false},"excerpt":{"rendered":"<p>Kalt\u0173 komplektas med\u017eiui 4vnt 6-24mm<\/p>","protected":false},"featured_media":251995,"comment_status":"open","ping_status":"open","template":"","meta":[],"product_cat":[9598],"product_tag":[9810],"class_list":{"0":"post-403342","1":"product","2":"type-product","3":"status-publish","4":"has-post-thumbnail","6":"product_brand-geko-lenkija","7":"product_cat-kaltai-metalui","8":"product_tag-geko-lenkija","10":"first","11":"instock","12":"purchasable","13":"product-type-simple"},"jetpack_sharing_enabled":true,"_links":{"self":[{"href":"https:\/\/irankiuzona.lt\/ru\/wp-json\/wp\/v2\/product\/403342","targetHints":{"allow":["GET"]}}],"collection":[{"href":"https:\/\/irankiuzona.lt\/ru\/wp-json\/wp\/v2\/product"}],"about":[{"href":"https:\/\/irankiuzona.lt\/ru\/wp-json\/wp\/v2\/types\/product"}],"replies":[{"embeddable":true,"href":"https:\/\/irankiuzona.lt\/ru\/wp-json\/wp\/v2\/comments?post=403342"}],"version-history":[{"count":1,"href":"https:\/\/irankiuzona.lt\/ru\/wp-json\/wp\/v2\/product\/403342\/revisions"}],"predecessor-version":[{"id":419267,"href":"https:\/\/irankiuzona.lt\/ru\/wp-json\/wp\/v2\/product\/403342\/revisions\/419267"}],"wp:featuredmedia":[{"embeddable":true,"href":"https:\/\/irankiuzona.lt\/ru\/wp-json\/wp\/v2\/media\/251995"}],"wp:attachment":[{"href":"https:\/\/irankiuzona.lt\/ru\/wp-json\/wp\/v2\/media?parent=403342"}],"wp:term":[{"taxonomy":"product_cat","embeddable":true,"href":"https:\/\/irankiuzona.lt\/ru\/wp-json\/wp\/v2\/product_cat?post=403342"},{"taxonomy":"product_tag","embeddable":true,"href":"https:\/\/irankiuzona.lt\/ru\/wp-json\/wp\/v2\/product_tag?post=403342"}],"curies":[{"name":"wp","href":"https:\/\/api.w.org\/{rel}","templated":true}]}}