{"id":403354,"date":"2025-05-15T15:51:16","date_gmt":"2025-05-15T15:51:16","guid":{"rendered":"https:\/\/irankiuzona.lt\/product\/voztuvu-nuspaudejas-universalus-11\/"},"modified":"2026-04-17T18:05:54","modified_gmt":"2026-04-17T18:05:54","slug":"voztuvu-nuspaudejas-universalus-11","status":"publish","type":"product","link":"https:\/\/irankiuzona.lt\/ru\/product\/voztuvu-nuspaudejas-universalus-11\/","title":{"rendered":"VO\u017dTUV\u0172 NUSPAUD\u0116JAS UNIVERSALUS"},"content":{"rendered":"<p>Produkto charakteristikos:pagamintas i\u0161 auk\u0161tos kokyb\u0117s plienotinka vo\u017etuv\u0173 spyruokl\u0117ms i\u0161imti \/ i\u0161jungti 8V \/ 12V \/ 16V \/ 24V varikliuose<\/p>","protected":false},"excerpt":{"rendered":"<p>VO\u017dTUV\u0172 NUSPAUD\u0116JAS UNIVERSALUS<\/p>","protected":false},"featured_media":252051,"comment_status":"open","ping_status":"open","template":"","meta":[],"product_cat":[9538],"product_tag":[9810],"class_list":{"0":"post-403354","1":"product","2":"type-product","3":"status-publish","4":"has-post-thumbnail","6":"product_brand-geko-lenkija","7":"product_cat-irankiai-voztuvams","8":"product_tag-geko-lenkija","10":"first","11":"outofstock","12":"purchasable","13":"product-type-simple"},"jetpack_sharing_enabled":true,"_links":{"self":[{"href":"https:\/\/irankiuzona.lt\/ru\/wp-json\/wp\/v2\/product\/403354","targetHints":{"allow":["GET"]}}],"collection":[{"href":"https:\/\/irankiuzona.lt\/ru\/wp-json\/wp\/v2\/product"}],"about":[{"href":"https:\/\/irankiuzona.lt\/ru\/wp-json\/wp\/v2\/types\/product"}],"replies":[{"embeddable":true,"href":"https:\/\/irankiuzona.lt\/ru\/wp-json\/wp\/v2\/comments?post=403354"}],"version-history":[{"count":1,"href":"https:\/\/irankiuzona.lt\/ru\/wp-json\/wp\/v2\/product\/403354\/revisions"}],"predecessor-version":[{"id":419281,"href":"https:\/\/irankiuzona.lt\/ru\/wp-json\/wp\/v2\/product\/403354\/revisions\/419281"}],"wp:featuredmedia":[{"embeddable":true,"href":"https:\/\/irankiuzona.lt\/ru\/wp-json\/wp\/v2\/media\/252051"}],"wp:attachment":[{"href":"https:\/\/irankiuzona.lt\/ru\/wp-json\/wp\/v2\/media?parent=403354"}],"wp:term":[{"taxonomy":"product_cat","embeddable":true,"href":"https:\/\/irankiuzona.lt\/ru\/wp-json\/wp\/v2\/product_cat?post=403354"},{"taxonomy":"product_tag","embeddable":true,"href":"https:\/\/irankiuzona.lt\/ru\/wp-json\/wp\/v2\/product_tag?post=403354"}],"curies":[{"name":"wp","href":"https:\/\/api.w.org\/{rel}","templated":true}]}}