{"id":403356,"date":"2025-05-15T15:51:18","date_gmt":"2025-05-15T15:51:18","guid":{"rendered":"https:\/\/irankiuzona.lt\/product\/vidiniu-guoliu-nuemejas-istraukejas-12-38mm-3\/"},"modified":"2026-03-18T11:45:43","modified_gmt":"2026-03-18T11:45:43","slug":"vidiniu-guoliu-nuemejas-istraukejas-12-38mm-3","status":"publish","type":"product","link":"https:\/\/irankiuzona.lt\/ru\/product\/vidiniu-guoliu-nuemejas-istraukejas-12-38mm-3\/","title":{"rendered":"Vidini\u0173 guoli\u0173 nu\u0117m\u0117jas, i\u0161trauk\u0117jas 12-38mm"},"content":{"rendered":"<p>Prek\u0117s savyb\u0117sskirta ma\u017eiems 12-38 mm skersmens guoliamspagamintas i\u0161 gr\u016bdinto plieno\u0161oniniai u\u017eraktai neleid\u017eia letenoms nuslysti nuo guolio<\/p>","protected":false},"excerpt":{"rendered":"<p>Vidini\u0173 guoli\u0173 nu\u0117m\u0117jas, i\u0161trauk\u0117jas 12-38mm<\/p>","protected":false},"featured_media":187876,"comment_status":"open","ping_status":"open","template":"","meta":[],"product_cat":[9533],"product_tag":[9810],"class_list":{"0":"post-403356","1":"product","2":"type-product","3":"status-publish","4":"has-post-thumbnail","6":"product_brand-geko-lenkija","7":"product_cat-vidiniu-guoliu-nuemejai-istraukejai","8":"product_tag-geko-lenkija","10":"first","11":"outofstock","12":"purchasable","13":"product-type-simple"},"jetpack_sharing_enabled":true,"_links":{"self":[{"href":"https:\/\/irankiuzona.lt\/ru\/wp-json\/wp\/v2\/product\/403356","targetHints":{"allow":["GET"]}}],"collection":[{"href":"https:\/\/irankiuzona.lt\/ru\/wp-json\/wp\/v2\/product"}],"about":[{"href":"https:\/\/irankiuzona.lt\/ru\/wp-json\/wp\/v2\/types\/product"}],"replies":[{"embeddable":true,"href":"https:\/\/irankiuzona.lt\/ru\/wp-json\/wp\/v2\/comments?post=403356"}],"version-history":[{"count":1,"href":"https:\/\/irankiuzona.lt\/ru\/wp-json\/wp\/v2\/product\/403356\/revisions"}],"predecessor-version":[{"id":419282,"href":"https:\/\/irankiuzona.lt\/ru\/wp-json\/wp\/v2\/product\/403356\/revisions\/419282"}],"wp:featuredmedia":[{"embeddable":true,"href":"https:\/\/irankiuzona.lt\/ru\/wp-json\/wp\/v2\/media\/187876"}],"wp:attachment":[{"href":"https:\/\/irankiuzona.lt\/ru\/wp-json\/wp\/v2\/media?parent=403356"}],"wp:term":[{"taxonomy":"product_cat","embeddable":true,"href":"https:\/\/irankiuzona.lt\/ru\/wp-json\/wp\/v2\/product_cat?post=403356"},{"taxonomy":"product_tag","embeddable":true,"href":"https:\/\/irankiuzona.lt\/ru\/wp-json\/wp\/v2\/product_tag?post=403356"}],"curies":[{"name":"wp","href":"https:\/\/api.w.org\/{rel}","templated":true}]}}