{"id":403406,"date":"2025-05-15T15:58:38","date_gmt":"2025-05-15T15:58:38","guid":{"rendered":"https:\/\/irankiuzona.lt\/product\/smuginiu-ilgu-galvuciu-komplektas-1-6k-19-41-mm-8vnt-2\/"},"modified":"2026-03-18T12:06:06","modified_gmt":"2026-03-18T12:06:06","slug":"smuginiu-ilgu-galvuciu-komplektas-1-6k-19-41-mm-8vnt-2","status":"publish","type":"product","link":"https:\/\/irankiuzona.lt\/ru\/product\/smuginiu-ilgu-galvuciu-komplektas-1-6k-19-41-mm-8vnt-2\/","title":{"rendered":"Sm\u016bgini\u0173 ilg\u0173 galvu\u010di\u0173 komplektas 1&quot; 6k. (19-41 mm) 8vnt"},"content":{"rendered":"<p>Product Features19,21, 24,27,30,32,36,41mm<\/p>","protected":false},"excerpt":{"rendered":"<p>Sm\u016bgini\u0173 ilg\u0173 galvu\u010di\u0173 komplektas 1&quot; 6k. (19-41 mm) 8vnt<\/p>","protected":false},"featured_media":253155,"comment_status":"open","ping_status":"open","template":"","meta":[],"product_cat":[9499],"product_tag":[9810],"class_list":{"0":"post-403406","1":"product","2":"type-product","3":"status-publish","4":"has-post-thumbnail","6":"product_brand-geko-lenkija","7":"product_cat-smuginiu-galvuciu-komplektai","8":"product_tag-geko-lenkija","10":"first","11":"outofstock","12":"purchasable","13":"product-type-simple"},"jetpack_sharing_enabled":true,"_links":{"self":[{"href":"https:\/\/irankiuzona.lt\/ru\/wp-json\/wp\/v2\/product\/403406","targetHints":{"allow":["GET"]}}],"collection":[{"href":"https:\/\/irankiuzona.lt\/ru\/wp-json\/wp\/v2\/product"}],"about":[{"href":"https:\/\/irankiuzona.lt\/ru\/wp-json\/wp\/v2\/types\/product"}],"replies":[{"embeddable":true,"href":"https:\/\/irankiuzona.lt\/ru\/wp-json\/wp\/v2\/comments?post=403406"}],"version-history":[{"count":1,"href":"https:\/\/irankiuzona.lt\/ru\/wp-json\/wp\/v2\/product\/403406\/revisions"}],"predecessor-version":[{"id":419623,"href":"https:\/\/irankiuzona.lt\/ru\/wp-json\/wp\/v2\/product\/403406\/revisions\/419623"}],"wp:featuredmedia":[{"embeddable":true,"href":"https:\/\/irankiuzona.lt\/ru\/wp-json\/wp\/v2\/media\/253155"}],"wp:attachment":[{"href":"https:\/\/irankiuzona.lt\/ru\/wp-json\/wp\/v2\/media?parent=403406"}],"wp:term":[{"taxonomy":"product_cat","embeddable":true,"href":"https:\/\/irankiuzona.lt\/ru\/wp-json\/wp\/v2\/product_cat?post=403406"},{"taxonomy":"product_tag","embeddable":true,"href":"https:\/\/irankiuzona.lt\/ru\/wp-json\/wp\/v2\/product_tag?post=403406"}],"curies":[{"name":"wp","href":"https:\/\/api.w.org\/{rel}","templated":true}]}}