{"id":403410,"date":"2025-05-15T15:59:02","date_gmt":"2025-05-15T15:59:02","guid":{"rendered":"https:\/\/irankiuzona.lt\/product\/pneumo-zarna-pu-6510mm-10m-2\/"},"modified":"2026-05-06T21:45:00","modified_gmt":"2026-05-06T21:45:00","slug":"pneumo-zarna-pu-6510mm-10m-2","status":"publish","type":"product","link":"https:\/\/irankiuzona.lt\/ru\/product\/pneumo-zarna-pu-6510mm-10m-2\/","title":{"rendered":"PNEUMO \u017dARNA PU 6,5*10mm 10m"},"content":{"rendered":"<p>Product DescriptionHose length\u00e110mInner diameter of a hose\u00e110mmOuter diameter of a hose\u00e16,5mmHose ending fits\u00e1a EURO\u00e1quick connection<\/p>","protected":false},"excerpt":{"rendered":"<p>PNEUMO \u017dARNA PU 6,5*10mm 10m<\/p>","protected":false},"featured_media":253214,"comment_status":"open","ping_status":"open","template":"","meta":[],"product_cat":[9657],"product_tag":[9810],"class_list":{"0":"post-403410","1":"product","2":"type-product","3":"status-publish","4":"has-post-thumbnail","6":"product_brand-geko-lenkija","7":"product_cat-pneumatines-oro-zarnos","8":"product_tag-geko-lenkija","10":"first","11":"outofstock","12":"purchasable","13":"product-type-simple"},"jetpack_sharing_enabled":true,"_links":{"self":[{"href":"https:\/\/irankiuzona.lt\/ru\/wp-json\/wp\/v2\/product\/403410","targetHints":{"allow":["GET"]}}],"collection":[{"href":"https:\/\/irankiuzona.lt\/ru\/wp-json\/wp\/v2\/product"}],"about":[{"href":"https:\/\/irankiuzona.lt\/ru\/wp-json\/wp\/v2\/types\/product"}],"replies":[{"embeddable":true,"href":"https:\/\/irankiuzona.lt\/ru\/wp-json\/wp\/v2\/comments?post=403410"}],"version-history":[{"count":1,"href":"https:\/\/irankiuzona.lt\/ru\/wp-json\/wp\/v2\/product\/403410\/revisions"}],"predecessor-version":[{"id":419643,"href":"https:\/\/irankiuzona.lt\/ru\/wp-json\/wp\/v2\/product\/403410\/revisions\/419643"}],"wp:featuredmedia":[{"embeddable":true,"href":"https:\/\/irankiuzona.lt\/ru\/wp-json\/wp\/v2\/media\/253214"}],"wp:attachment":[{"href":"https:\/\/irankiuzona.lt\/ru\/wp-json\/wp\/v2\/media?parent=403410"}],"wp:term":[{"taxonomy":"product_cat","embeddable":true,"href":"https:\/\/irankiuzona.lt\/ru\/wp-json\/wp\/v2\/product_cat?post=403410"},{"taxonomy":"product_tag","embeddable":true,"href":"https:\/\/irankiuzona.lt\/ru\/wp-json\/wp\/v2\/product_tag?post=403410"}],"curies":[{"name":"wp","href":"https:\/\/api.w.org\/{rel}","templated":true}]}}