{"id":403422,"date":"2025-05-15T15:59:20","date_gmt":"2025-05-15T15:59:20","guid":{"rendered":"https:\/\/irankiuzona.lt\/product\/vairo-traukiu-nuemejas-28-35mm-4\/"},"modified":"2026-04-04T14:39:26","modified_gmt":"2026-04-04T14:39:26","slug":"vairo-traukiu-nuemejas-28-35mm-4","status":"publish","type":"product","link":"https:\/\/irankiuzona.lt\/ru\/product\/vairo-traukiu-nuemejas-28-35mm-4\/","title":{"rendered":"Vairo trauki\u0173 nu\u0117m\u0117jas 28-35mm"},"content":{"rendered":"<p>Product FeaturesUniversal for steering arms range from 28 to 35 mmSimple and easy to use you can either use a 1\/2&quot; ratchet or 27mm spanner \/ socket to twist the endOverall Length 400 mm<\/p>","protected":false},"excerpt":{"rendered":"<p>Vairo trauki\u0173 nu\u0117m\u0117jas 28-35mm<\/p>","protected":false},"featured_media":253256,"comment_status":"open","ping_status":"open","template":"","meta":[],"product_cat":[9528],"product_tag":[9810],"class_list":{"0":"post-403422","1":"product","2":"type-product","3":"status-publish","4":"has-post-thumbnail","6":"product_brand-geko-lenkija","7":"product_cat-vairo-traukiu-irankiai","8":"product_tag-geko-lenkija","10":"first","11":"outofstock","12":"purchasable","13":"product-type-simple"},"jetpack_sharing_enabled":true,"_links":{"self":[{"href":"https:\/\/irankiuzona.lt\/ru\/wp-json\/wp\/v2\/product\/403422","targetHints":{"allow":["GET"]}}],"collection":[{"href":"https:\/\/irankiuzona.lt\/ru\/wp-json\/wp\/v2\/product"}],"about":[{"href":"https:\/\/irankiuzona.lt\/ru\/wp-json\/wp\/v2\/types\/product"}],"replies":[{"embeddable":true,"href":"https:\/\/irankiuzona.lt\/ru\/wp-json\/wp\/v2\/comments?post=403422"}],"version-history":[{"count":0,"href":"https:\/\/irankiuzona.lt\/ru\/wp-json\/wp\/v2\/product\/403422\/revisions"}],"wp:featuredmedia":[{"embeddable":true,"href":"https:\/\/irankiuzona.lt\/ru\/wp-json\/wp\/v2\/media\/253256"}],"wp:attachment":[{"href":"https:\/\/irankiuzona.lt\/ru\/wp-json\/wp\/v2\/media?parent=403422"}],"wp:term":[{"taxonomy":"product_cat","embeddable":true,"href":"https:\/\/irankiuzona.lt\/ru\/wp-json\/wp\/v2\/product_cat?post=403422"},{"taxonomy":"product_tag","embeddable":true,"href":"https:\/\/irankiuzona.lt\/ru\/wp-json\/wp\/v2\/product_tag?post=403422"}],"curies":[{"name":"wp","href":"https:\/\/api.w.org\/{rel}","templated":true}]}}