{"id":403424,"date":"2025-05-15T15:59:21","date_gmt":"2025-05-15T15:59:21","guid":{"rendered":"https:\/\/irankiuzona.lt\/product\/medzio-grezimo-karunu-komplektas-19-64mm-11vnt-2\/"},"modified":"2026-03-18T12:11:15","modified_gmt":"2026-03-18T12:11:15","slug":"medzio-grezimo-karunu-komplektas-19-64mm-11vnt-2","status":"publish","type":"product","link":"https:\/\/irankiuzona.lt\/ru\/product\/medzio-grezimo-karunu-komplektas-19-64mm-11vnt-2\/","title":{"rendered":"Med\u017eio gr\u0119\u017eimo kar\u016bn\u0173 komplektas 19-64mm 11vnt"},"content":{"rendered":"<p>Package ContentHole Saw 19mm (3\/4&quot;)Hole Saw 22mm (7\/8&quot;)Hole Saw 29mm (1 1\/8&quot;)Hole Saw 32mm (1 1\/4&quot;)Hole Saw 38mm (1 1\/2)Hole Saw 44mm (1 1\/3&quot;)Hole Saw 51mm (2&quot;)Hole Saw 64mm (2 1\/2&quot;)Arbor with pilot drill 6 mmArbor without drillAllen key<\/p>","protected":false},"excerpt":{"rendered":"<p>Med\u017eio gr\u0119\u017eimo kar\u016bn\u0173 komplektas 19-64mm 11vnt<\/p>","protected":false},"featured_media":253259,"comment_status":"open","ping_status":"open","template":"","meta":[],"product_cat":[9647],"product_tag":[9810],"class_list":{"0":"post-403424","1":"product","2":"type-product","3":"status-publish","4":"has-post-thumbnail","6":"product_brand-geko-lenkija","7":"product_cat-grezimo-karunu-komplektai","8":"product_tag-geko-lenkija","10":"first","11":"outofstock","12":"purchasable","13":"product-type-simple"},"jetpack_sharing_enabled":true,"_links":{"self":[{"href":"https:\/\/irankiuzona.lt\/ru\/wp-json\/wp\/v2\/product\/403424","targetHints":{"allow":["GET"]}}],"collection":[{"href":"https:\/\/irankiuzona.lt\/ru\/wp-json\/wp\/v2\/product"}],"about":[{"href":"https:\/\/irankiuzona.lt\/ru\/wp-json\/wp\/v2\/types\/product"}],"replies":[{"embeddable":true,"href":"https:\/\/irankiuzona.lt\/ru\/wp-json\/wp\/v2\/comments?post=403424"}],"version-history":[{"count":0,"href":"https:\/\/irankiuzona.lt\/ru\/wp-json\/wp\/v2\/product\/403424\/revisions"}],"wp:featuredmedia":[{"embeddable":true,"href":"https:\/\/irankiuzona.lt\/ru\/wp-json\/wp\/v2\/media\/253259"}],"wp:attachment":[{"href":"https:\/\/irankiuzona.lt\/ru\/wp-json\/wp\/v2\/media?parent=403424"}],"wp:term":[{"taxonomy":"product_cat","embeddable":true,"href":"https:\/\/irankiuzona.lt\/ru\/wp-json\/wp\/v2\/product_cat?post=403424"},{"taxonomy":"product_tag","embeddable":true,"href":"https:\/\/irankiuzona.lt\/ru\/wp-json\/wp\/v2\/product_tag?post=403424"}],"curies":[{"name":"wp","href":"https:\/\/api.w.org\/{rel}","templated":true}]}}