{"id":403438,"date":"2025-05-15T16:02:37","date_gmt":"2025-05-15T16:02:37","guid":{"rendered":"https:\/\/irankiuzona.lt\/product\/pjovimo-diskas-medziui-125x222mm-14dantu-2\/"},"modified":"2026-03-19T07:35:28","modified_gmt":"2026-03-19T07:35:28","slug":"pjovimo-diskas-medziui-125x222mm-14dantu-2","status":"publish","type":"product","link":"https:\/\/irankiuzona.lt\/ru\/product\/pjovimo-diskas-medziui-125x222mm-14dantu-2\/","title":{"rendered":"PJOVIMO DISKAS MED\u017dIUI 125&#215;22,2mm 14DANT\u0172"},"content":{"rendered":"<p>Technin\u0117s specifikacijos:skersmuo: 125 mmMontavimo angos skersmuo: 22,2 mmPjov\u0117j\u0173 skai\u010dius: 14 DANT\u0172<\/p>","protected":false},"excerpt":{"rendered":"<p>PJOVIMO DISKAS MED\u017dIUI 125&#215;22,2mm 14DANT\u0172<\/p>","protected":false},"featured_media":253783,"comment_status":"open","ping_status":"open","template":"","meta":[],"product_cat":[9473],"product_tag":[9810],"class_list":{"0":"post-403438","1":"product","2":"type-product","3":"status-publish","4":"has-post-thumbnail","6":"product_brand-geko-lenkija","7":"product_cat-medzio-pjovimo-diskai","8":"product_tag-geko-lenkija","10":"first","11":"outofstock","12":"purchasable","13":"product-type-simple"},"jetpack_sharing_enabled":true,"_links":{"self":[{"href":"https:\/\/irankiuzona.lt\/ru\/wp-json\/wp\/v2\/product\/403438","targetHints":{"allow":["GET"]}}],"collection":[{"href":"https:\/\/irankiuzona.lt\/ru\/wp-json\/wp\/v2\/product"}],"about":[{"href":"https:\/\/irankiuzona.lt\/ru\/wp-json\/wp\/v2\/types\/product"}],"replies":[{"embeddable":true,"href":"https:\/\/irankiuzona.lt\/ru\/wp-json\/wp\/v2\/comments?post=403438"}],"version-history":[{"count":0,"href":"https:\/\/irankiuzona.lt\/ru\/wp-json\/wp\/v2\/product\/403438\/revisions"}],"wp:featuredmedia":[{"embeddable":true,"href":"https:\/\/irankiuzona.lt\/ru\/wp-json\/wp\/v2\/media\/253783"}],"wp:attachment":[{"href":"https:\/\/irankiuzona.lt\/ru\/wp-json\/wp\/v2\/media?parent=403438"}],"wp:term":[{"taxonomy":"product_cat","embeddable":true,"href":"https:\/\/irankiuzona.lt\/ru\/wp-json\/wp\/v2\/product_cat?post=403438"},{"taxonomy":"product_tag","embeddable":true,"href":"https:\/\/irankiuzona.lt\/ru\/wp-json\/wp\/v2\/product_tag?post=403438"}],"curies":[{"name":"wp","href":"https:\/\/api.w.org\/{rel}","templated":true}]}}