{"id":403462,"date":"2025-05-15T16:03:30","date_gmt":"2025-05-15T16:03:30","guid":{"rendered":"https:\/\/irankiuzona.lt\/product\/vezimelis-laistymo-zarnai-45m-2\/"},"modified":"2026-03-19T07:35:47","modified_gmt":"2026-03-19T07:35:47","slug":"vezimelis-laistymo-zarnai-45m-2","status":"publish","type":"product","link":"https:\/\/irankiuzona.lt\/ru\/product\/vezimelis-laistymo-zarnai-45m-2\/","title":{"rendered":"VE\u017dIM\u0116LIS LAISTYMO \u017dARNAI 45M"},"content":{"rendered":"<p>Patogi rite \u017earnos vyniojimui ir laikymui.<br \/>\n5\/8 storio \u017earnos telpa 30 m, 1\/2 storio \u017earnos telpa 45m .<\/p>","protected":false},"excerpt":{"rendered":"<p>VE\u017dIM\u0116LIS LAISTYMO \u017dARNAI 45M<\/p>","protected":false},"featured_media":253889,"comment_status":"open","ping_status":"open","template":"","meta":[],"product_cat":[9944],"product_tag":[9810],"class_list":{"0":"post-403462","1":"product","2":"type-product","3":"status-publish","4":"has-post-thumbnail","6":"product_brand-geko-lenkija","7":"product_cat-sodo-darzo-irankiai","8":"product_tag-geko-lenkija","10":"first","11":"outofstock","12":"purchasable","13":"product-type-simple"},"jetpack_sharing_enabled":true,"_links":{"self":[{"href":"https:\/\/irankiuzona.lt\/ru\/wp-json\/wp\/v2\/product\/403462","targetHints":{"allow":["GET"]}}],"collection":[{"href":"https:\/\/irankiuzona.lt\/ru\/wp-json\/wp\/v2\/product"}],"about":[{"href":"https:\/\/irankiuzona.lt\/ru\/wp-json\/wp\/v2\/types\/product"}],"replies":[{"embeddable":true,"href":"https:\/\/irankiuzona.lt\/ru\/wp-json\/wp\/v2\/comments?post=403462"}],"version-history":[{"count":1,"href":"https:\/\/irankiuzona.lt\/ru\/wp-json\/wp\/v2\/product\/403462\/revisions"}],"predecessor-version":[{"id":419849,"href":"https:\/\/irankiuzona.lt\/ru\/wp-json\/wp\/v2\/product\/403462\/revisions\/419849"}],"wp:featuredmedia":[{"embeddable":true,"href":"https:\/\/irankiuzona.lt\/ru\/wp-json\/wp\/v2\/media\/253889"}],"wp:attachment":[{"href":"https:\/\/irankiuzona.lt\/ru\/wp-json\/wp\/v2\/media?parent=403462"}],"wp:term":[{"taxonomy":"product_cat","embeddable":true,"href":"https:\/\/irankiuzona.lt\/ru\/wp-json\/wp\/v2\/product_cat?post=403462"},{"taxonomy":"product_tag","embeddable":true,"href":"https:\/\/irankiuzona.lt\/ru\/wp-json\/wp\/v2\/product_tag?post=403462"}],"curies":[{"name":"wp","href":"https:\/\/api.w.org\/{rel}","templated":true}]}}