{"id":403464,"date":"2025-05-15T16:03:31","date_gmt":"2025-05-15T16:03:31","guid":{"rendered":"https:\/\/irankiuzona.lt\/product\/terksliniu-raktu-komplektas-8-19-mm-7\/"},"modified":"2026-04-17T16:17:59","modified_gmt":"2026-04-17T16:17:59","slug":"terksliniu-raktu-komplektas-8-19-mm-7","status":"publish","type":"product","link":"https:\/\/irankiuzona.lt\/ru\/product\/terksliniu-raktu-komplektas-8-19-mm-7\/","title":{"rendered":"TERK\u0160LINI\u0172 RAKT\u0172 KOMPLEKTAS (8-19 MM)"},"content":{"rendered":"<p>Prek\u0117s apra\u0161ymasRinkinyje yra 7 dali\u0173 ver\u017eliarak\u010diai: 8, 10, 11, 13, 14, 17, 19 mmPridedama plastikin\u0117 d\u0117\u017eut\u0117<\/p>","protected":false},"excerpt":{"rendered":"<p>TERK\u0160LINI\u0172 RAKT\u0172 KOMPLEKTAS (8-19 MM)<\/p>","protected":false},"featured_media":253892,"comment_status":"open","ping_status":"open","template":"","meta":[],"product_cat":[9610],"product_tag":[9810],"class_list":{"0":"post-403464","1":"product","2":"type-product","3":"status-publish","4":"has-post-thumbnail","6":"product_brand-geko-lenkija","7":"product_cat-terksliniu-raktu-komplektai","8":"product_tag-geko-lenkija","10":"first","11":"outofstock","12":"purchasable","13":"product-type-simple"},"jetpack_sharing_enabled":true,"_links":{"self":[{"href":"https:\/\/irankiuzona.lt\/ru\/wp-json\/wp\/v2\/product\/403464","targetHints":{"allow":["GET"]}}],"collection":[{"href":"https:\/\/irankiuzona.lt\/ru\/wp-json\/wp\/v2\/product"}],"about":[{"href":"https:\/\/irankiuzona.lt\/ru\/wp-json\/wp\/v2\/types\/product"}],"replies":[{"embeddable":true,"href":"https:\/\/irankiuzona.lt\/ru\/wp-json\/wp\/v2\/comments?post=403464"}],"version-history":[{"count":1,"href":"https:\/\/irankiuzona.lt\/ru\/wp-json\/wp\/v2\/product\/403464\/revisions"}],"predecessor-version":[{"id":419850,"href":"https:\/\/irankiuzona.lt\/ru\/wp-json\/wp\/v2\/product\/403464\/revisions\/419850"}],"wp:featuredmedia":[{"embeddable":true,"href":"https:\/\/irankiuzona.lt\/ru\/wp-json\/wp\/v2\/media\/253892"}],"wp:attachment":[{"href":"https:\/\/irankiuzona.lt\/ru\/wp-json\/wp\/v2\/media?parent=403464"}],"wp:term":[{"taxonomy":"product_cat","embeddable":true,"href":"https:\/\/irankiuzona.lt\/ru\/wp-json\/wp\/v2\/product_cat?post=403464"},{"taxonomy":"product_tag","embeddable":true,"href":"https:\/\/irankiuzona.lt\/ru\/wp-json\/wp\/v2\/product_tag?post=403464"}],"curies":[{"name":"wp","href":"https:\/\/api.w.org\/{rel}","templated":true}]}}