{"id":403466,"date":"2025-05-15T16:03:33","date_gmt":"2025-05-15T16:03:33","guid":{"rendered":"https:\/\/irankiuzona.lt\/product\/vidiniu-guoliu-nuemejas-istraukejas-12-38mm-4\/"},"modified":"2026-04-17T14:06:00","modified_gmt":"2026-04-17T14:06:00","slug":"vidiniu-guoliu-nuemejas-istraukejas-12-38mm-4","status":"publish","type":"product","link":"https:\/\/irankiuzona.lt\/ru\/product\/vidiniu-guoliu-nuemejas-istraukejas-12-38mm-4\/","title":{"rendered":"Vidini\u0173 guoli\u0173 nu\u0117m\u0117jas, i\u0161trauk\u0117jas 12-38mm"},"content":{"rendered":"<p>Prek\u0117s apra\u0161ymasTinka sandariems guoliams, kuri\u0173 vidinis \u017eiedo skersmuo yra nuo 12 iki 38 mm, nuimti.<\/p>","protected":false},"excerpt":{"rendered":"<p>Vidini\u0173 guoli\u0173 nu\u0117m\u0117jas, i\u0161trauk\u0117jas 12-38mm<\/p>","protected":false},"featured_media":253895,"comment_status":"open","ping_status":"open","template":"","meta":[],"product_cat":[9533],"product_tag":[9810],"class_list":{"0":"post-403466","1":"product","2":"type-product","3":"status-publish","4":"has-post-thumbnail","6":"product_brand-geko-lenkija","7":"product_cat-vidiniu-guoliu-nuemejai-istraukejai","8":"product_tag-geko-lenkija","10":"first","11":"instock","12":"purchasable","13":"product-type-simple"},"jetpack_sharing_enabled":true,"_links":{"self":[{"href":"https:\/\/irankiuzona.lt\/ru\/wp-json\/wp\/v2\/product\/403466","targetHints":{"allow":["GET"]}}],"collection":[{"href":"https:\/\/irankiuzona.lt\/ru\/wp-json\/wp\/v2\/product"}],"about":[{"href":"https:\/\/irankiuzona.lt\/ru\/wp-json\/wp\/v2\/types\/product"}],"replies":[{"embeddable":true,"href":"https:\/\/irankiuzona.lt\/ru\/wp-json\/wp\/v2\/comments?post=403466"}],"version-history":[{"count":1,"href":"https:\/\/irankiuzona.lt\/ru\/wp-json\/wp\/v2\/product\/403466\/revisions"}],"predecessor-version":[{"id":419851,"href":"https:\/\/irankiuzona.lt\/ru\/wp-json\/wp\/v2\/product\/403466\/revisions\/419851"}],"wp:featuredmedia":[{"embeddable":true,"href":"https:\/\/irankiuzona.lt\/ru\/wp-json\/wp\/v2\/media\/253895"}],"wp:attachment":[{"href":"https:\/\/irankiuzona.lt\/ru\/wp-json\/wp\/v2\/media?parent=403466"}],"wp:term":[{"taxonomy":"product_cat","embeddable":true,"href":"https:\/\/irankiuzona.lt\/ru\/wp-json\/wp\/v2\/product_cat?post=403466"},{"taxonomy":"product_tag","embeddable":true,"href":"https:\/\/irankiuzona.lt\/ru\/wp-json\/wp\/v2\/product_tag?post=403466"}],"curies":[{"name":"wp","href":"https:\/\/api.w.org\/{rel}","templated":true}]}}