{"id":403474,"date":"2025-05-15T16:03:45","date_gmt":"2025-05-15T16:03:45","guid":{"rendered":"https:\/\/irankiuzona.lt\/product\/stabdziu-nuorinimo-komplektas-dviraciui-2\/"},"modified":"2026-05-13T20:15:45","modified_gmt":"2026-05-13T20:15:45","slug":"stabdziu-nuorinimo-komplektas-dviraciui-2","status":"publish","type":"product","link":"https:\/\/irankiuzona.lt\/ru\/product\/stabdziu-nuorinimo-komplektas-dviraciui-2\/","title":{"rendered":"Stabd\u017ei\u0173 nuorinimo komplektas dvira\u010diui"},"content":{"rendered":"<p>Product DescriptionAir Brake Bleeder Tool suitable for brake systems using mineral oil. Compatible with most brake systems including: Avid, Formula, Hayes, Fox, DTSWISS, Rockshox, Bengal, Quad, Echo,Giant Brake System and Fork,Shimano, Magura, Tektro, Hope. The oil filling funnel, funnel plug and aid handle can flexibly respond to brake handles of any structure. The all-round connecting hose can be connected to both the oil funnel and the syringe, and is even compatible with many lifting and front fork oiling.<br \/>\nPackage Content:1 Piece Drain bottle1 Piece Funnel1 Piece Funnel blockage1 Piece Oiler2 Piece Oil filler block2 Piece M4 connector2 Piece M5 connector (1 Long, 1 Short)4 Piece M6 connector (1 Long, 3 Short)1 Piece Magura MT connector1 Piece M7 connector1 Piece M6 adapter1 Piece Universal connector1 Piece RSC boot connector1 Piece Tool base1 Piece T10-T15 star wrench1 Piece 7-8mm two-way open end wrench2 Piece Hose1 Piece Hose buckle1 Piece Metal hook1 Piece Extended anti-skid tab2 Piece Piston stop2 Piece Hexagon key 5mm and 2mm1 Piece Check clamp<\/p>","protected":false},"excerpt":{"rendered":"<p>Stabd\u017ei\u0173 nuorinimo komplektas dvira\u010diui<\/p>","protected":false},"featured_media":253922,"comment_status":"open","ping_status":"open","template":"","meta":[],"product_cat":[9534],"product_tag":[9810],"class_list":{"0":"post-403474","1":"product","2":"type-product","3":"status-publish","4":"has-post-thumbnail","6":"product_brand-geko-lenkija","7":"product_cat-stabdziu-remonto-nuorinimo-irankiai","8":"product_tag-geko-lenkija","10":"first","11":"instock","12":"purchasable","13":"product-type-simple"},"jetpack_sharing_enabled":true,"_links":{"self":[{"href":"https:\/\/irankiuzona.lt\/ru\/wp-json\/wp\/v2\/product\/403474","targetHints":{"allow":["GET"]}}],"collection":[{"href":"https:\/\/irankiuzona.lt\/ru\/wp-json\/wp\/v2\/product"}],"about":[{"href":"https:\/\/irankiuzona.lt\/ru\/wp-json\/wp\/v2\/types\/product"}],"replies":[{"embeddable":true,"href":"https:\/\/irankiuzona.lt\/ru\/wp-json\/wp\/v2\/comments?post=403474"}],"version-history":[{"count":1,"href":"https:\/\/irankiuzona.lt\/ru\/wp-json\/wp\/v2\/product\/403474\/revisions"}],"predecessor-version":[{"id":419859,"href":"https:\/\/irankiuzona.lt\/ru\/wp-json\/wp\/v2\/product\/403474\/revisions\/419859"}],"wp:featuredmedia":[{"embeddable":true,"href":"https:\/\/irankiuzona.lt\/ru\/wp-json\/wp\/v2\/media\/253922"}],"wp:attachment":[{"href":"https:\/\/irankiuzona.lt\/ru\/wp-json\/wp\/v2\/media?parent=403474"}],"wp:term":[{"taxonomy":"product_cat","embeddable":true,"href":"https:\/\/irankiuzona.lt\/ru\/wp-json\/wp\/v2\/product_cat?post=403474"},{"taxonomy":"product_tag","embeddable":true,"href":"https:\/\/irankiuzona.lt\/ru\/wp-json\/wp\/v2\/product_tag?post=403474"}],"curies":[{"name":"wp","href":"https:\/\/api.w.org\/{rel}","templated":true}]}}