{"id":403504,"date":"2025-05-15T16:07:07","date_gmt":"2025-05-15T16:07:07","guid":{"rendered":"https:\/\/irankiuzona.lt\/product\/irankiu-komplektas-aliuminiame-lagamine-187daliu-3\/"},"modified":"2026-03-18T12:35:20","modified_gmt":"2026-03-18T12:35:20","slug":"irankiu-komplektas-aliuminiame-lagamine-187daliu-3","status":"publish","type":"product","link":"https:\/\/irankiuzona.lt\/ru\/product\/irankiu-komplektas-aliuminiame-lagamine-187daliu-3\/","title":{"rendered":"\u012eranki\u0173 komplektas aliuminiame lagamine 187dali\u0173"},"content":{"rendered":"<p>Package Contents:Magnetic Bit HolderPrecision Telescopic Magnetic Retrieval PenCombination Wrenches: 8, 9, 10, 11, 12, 13, 14, 15, 17, 19 mmFlat Nose Plier 6&quot;Long Nose Plier 7&quot;Diagonal Cutting Nipper 7&quot;Adjustable Wrench 8&quot;Water Pump Plier 10&quot;Utility KnifeLocking PlierGlue Gun with 2pc glue sticksClaw HammerBox-beam Spirit LevelsWire Stripper CrimperPlastic box with assortment2pc Spring Action Clamps 90mmMeasuring Tape 5m1\/2&quot; &#038; 1\/4&quot; Quick release bi-material Ratchet Handles1\/2&quot; &#038; 1\/4&quot; Universal joints1\/2&quot; &#038; 1\/4&quot; sliding T-handle1\/4&quot; Extension Bars 50 &#038; 100 mm1\/2&quot; Extension Bar 110 mm1\/4&quot; Flexible Extension Bar 150 mm1\/4&quot; Spinner Handle 150 mm1\/4&quot; Sq. Drive 6-point Sockets (L=19mm): 4, 4.5, 4, 5.5, 6, 7, 8, 9, 10, 11, 12, 13 mm1\/2&quot; Sq. Drive 6-point Sockets (L=35mm): 10, 11, 12, 13, 14, 15, 16, 17, 18, 19, 20, 21, 22, 23, 24, 27, 30 mm1\/2&quot; Spark Plug Sockets 16, 21mmHex Wrenches: 1.5, 2, 2.5, 3, 4, 5, 6, 8, 10 mmScrewdrivers:Slotted: 3x75mm, 4x100mm, 5x75mm, 6x38mm, 6x100mmPhilips PH0x75mm, PH1x100mm, PH1x75mm, PH2x38mm, PH2x100mm, PH3x150mmInsulated VDE Screwdrivers: Slotted 4x100mm, 5.5x100mm; Philips PH1x100mmMains TesterPrecision Screwdrivers 1, 1.4, 1.8, 2.4mm, #0, #1Ratchet ScrewdriverScredriver Bits:Slotted: 3, 4, 5, 6, 7 mmPhilips: PH0, PH1, PH2, PH3, PH4Pozidrive: PZ1, PZ2Hex: H3, H4, H5, H6, H7, H8TORX: T10, T15, T20, T25, T30, T35<\/p>","protected":false},"excerpt":{"rendered":"<p>\u012eranki\u0173 komplektas aliuminiame lagamine 187dali\u0173\u012eranki\u0173 rinkinys lagamine. Aliuminio d\u0117klas su ratukais ir teleskopine rankena, skirta transportuoti rinkin\u012f (kaip kelionin\u012f lagamin\u0105).<\/p>","protected":false},"featured_media":254425,"comment_status":"open","ping_status":"open","template":"","meta":[],"product_cat":[9491],"product_tag":[9810],"class_list":{"0":"post-403504","1":"product","2":"type-product","3":"status-publish","4":"has-post-thumbnail","6":"product_brand-geko-lenkija","7":"product_cat-kombinuoti-irankiu-komplektai-1-4-3-8-1-2","8":"product_tag-geko-lenkija","10":"first","11":"outofstock","12":"purchasable","13":"product-type-simple"},"jetpack_sharing_enabled":true,"_links":{"self":[{"href":"https:\/\/irankiuzona.lt\/ru\/wp-json\/wp\/v2\/product\/403504","targetHints":{"allow":["GET"]}}],"collection":[{"href":"https:\/\/irankiuzona.lt\/ru\/wp-json\/wp\/v2\/product"}],"about":[{"href":"https:\/\/irankiuzona.lt\/ru\/wp-json\/wp\/v2\/types\/product"}],"replies":[{"embeddable":true,"href":"https:\/\/irankiuzona.lt\/ru\/wp-json\/wp\/v2\/comments?post=403504"}],"version-history":[{"count":1,"href":"https:\/\/irankiuzona.lt\/ru\/wp-json\/wp\/v2\/product\/403504\/revisions"}],"predecessor-version":[{"id":420014,"href":"https:\/\/irankiuzona.lt\/ru\/wp-json\/wp\/v2\/product\/403504\/revisions\/420014"}],"wp:featuredmedia":[{"embeddable":true,"href":"https:\/\/irankiuzona.lt\/ru\/wp-json\/wp\/v2\/media\/254425"}],"wp:attachment":[{"href":"https:\/\/irankiuzona.lt\/ru\/wp-json\/wp\/v2\/media?parent=403504"}],"wp:term":[{"taxonomy":"product_cat","embeddable":true,"href":"https:\/\/irankiuzona.lt\/ru\/wp-json\/wp\/v2\/product_cat?post=403504"},{"taxonomy":"product_tag","embeddable":true,"href":"https:\/\/irankiuzona.lt\/ru\/wp-json\/wp\/v2\/product_tag?post=403504"}],"curies":[{"name":"wp","href":"https:\/\/api.w.org\/{rel}","templated":true}]}}