{"id":403512,"date":"2025-05-15T16:07:16","date_gmt":"2025-05-15T16:07:16","guid":{"rendered":"https:\/\/irankiuzona.lt\/product\/irankiu-vezimelis-2-ju-daliu-su-9-stalciais-be-irankiu-2\/"},"modified":"2025-05-21T14:01:09","modified_gmt":"2025-05-21T14:01:09","slug":"irankiu-vezimelis-2-ju-daliu-su-9-stalciais-be-irankiu-2","status":"publish","type":"product","link":"https:\/\/irankiuzona.lt\/ru\/product\/irankiu-vezimelis-2-ju-daliu-su-9-stalciais-be-irankiu-2\/","title":{"rendered":"\u012eRANKI\u0172 VE\u017dIM\u0116LIS 2-J\u0172 DALI\u0172 SU 9 STAL\u010cIAIS (BE \u012eRANKI\u0172)"},"content":{"rendered":"","protected":false},"excerpt":{"rendered":"<p>\u012eRANKI\u0172 VE\u017dIM\u0116LIS 2-J\u0172 DALI\u0172 SU 9 STAL\u010cIAIS (BE \u012eRANKI\u0172)<\/p>","protected":false},"featured_media":254440,"comment_status":"open","ping_status":"open","template":"","meta":[],"product_cat":[9943],"product_tag":[9810],"class_list":{"0":"post-403512","1":"product","2":"type-product","3":"status-publish","4":"has-post-thumbnail","6":"product_brand-geko-lenkija","7":"product_cat-vezimeliai-irankiu-spintos","8":"product_tag-geko-lenkija","10":"first","11":"outofstock","12":"purchasable","13":"product-type-simple"},"jetpack_sharing_enabled":true,"_links":{"self":[{"href":"https:\/\/irankiuzona.lt\/ru\/wp-json\/wp\/v2\/product\/403512","targetHints":{"allow":["GET"]}}],"collection":[{"href":"https:\/\/irankiuzona.lt\/ru\/wp-json\/wp\/v2\/product"}],"about":[{"href":"https:\/\/irankiuzona.lt\/ru\/wp-json\/wp\/v2\/types\/product"}],"replies":[{"embeddable":true,"href":"https:\/\/irankiuzona.lt\/ru\/wp-json\/wp\/v2\/comments?post=403512"}],"version-history":[{"count":0,"href":"https:\/\/irankiuzona.lt\/ru\/wp-json\/wp\/v2\/product\/403512\/revisions"}],"wp:featuredmedia":[{"embeddable":true,"href":"https:\/\/irankiuzona.lt\/ru\/wp-json\/wp\/v2\/media\/254440"}],"wp:attachment":[{"href":"https:\/\/irankiuzona.lt\/ru\/wp-json\/wp\/v2\/media?parent=403512"}],"wp:term":[{"taxonomy":"product_cat","embeddable":true,"href":"https:\/\/irankiuzona.lt\/ru\/wp-json\/wp\/v2\/product_cat?post=403512"},{"taxonomy":"product_tag","embeddable":true,"href":"https:\/\/irankiuzona.lt\/ru\/wp-json\/wp\/v2\/product_tag?post=403512"}],"curies":[{"name":"wp","href":"https:\/\/api.w.org\/{rel}","templated":true}]}}