{"id":403518,"date":"2025-05-15T16:10:23","date_gmt":"2025-05-15T16:10:23","guid":{"rendered":"https:\/\/irankiuzona.lt\/product\/rutuliniu-jungciu-nuemejas-prailgintas-3\/"},"modified":"2026-04-06T04:11:32","modified_gmt":"2026-04-06T04:11:32","slug":"rutuliniu-jungciu-nuemejas-prailgintas-3","status":"publish","type":"product","link":"https:\/\/irankiuzona.lt\/ru\/product\/rutuliniu-jungciu-nuemejas-prailgintas-3\/","title":{"rendered":"Rutulini\u0173 jung\u010di\u0173 nu\u0117m\u0117jas prailgintas"},"content":{"rendered":"<p>\u017dandikaulio angos skersmuo: 20 mm\u017dandikaulio atidarymo ilgis: 32 mmVisas ilgis: 270 mm<\/p>","protected":false},"excerpt":{"rendered":"<p>Rutulini\u0173 jung\u010di\u0173 nu\u0117m\u0117jas prailgintas<\/p>","protected":false},"featured_media":254961,"comment_status":"open","ping_status":"open","template":"","meta":[],"product_cat":[9755],"product_tag":[9810],"class_list":{"0":"post-403518","1":"product","2":"type-product","3":"status-publish","4":"has-post-thumbnail","6":"product_brand-geko-lenkija","7":"product_cat-sarnyru-keitimo-irankiai","8":"product_tag-geko-lenkija","10":"first","11":"instock","12":"purchasable","13":"product-type-simple"},"jetpack_sharing_enabled":true,"_links":{"self":[{"href":"https:\/\/irankiuzona.lt\/ru\/wp-json\/wp\/v2\/product\/403518","targetHints":{"allow":["GET"]}}],"collection":[{"href":"https:\/\/irankiuzona.lt\/ru\/wp-json\/wp\/v2\/product"}],"about":[{"href":"https:\/\/irankiuzona.lt\/ru\/wp-json\/wp\/v2\/types\/product"}],"replies":[{"embeddable":true,"href":"https:\/\/irankiuzona.lt\/ru\/wp-json\/wp\/v2\/comments?post=403518"}],"version-history":[{"count":0,"href":"https:\/\/irankiuzona.lt\/ru\/wp-json\/wp\/v2\/product\/403518\/revisions"}],"wp:featuredmedia":[{"embeddable":true,"href":"https:\/\/irankiuzona.lt\/ru\/wp-json\/wp\/v2\/media\/254961"}],"wp:attachment":[{"href":"https:\/\/irankiuzona.lt\/ru\/wp-json\/wp\/v2\/media?parent=403518"}],"wp:term":[{"taxonomy":"product_cat","embeddable":true,"href":"https:\/\/irankiuzona.lt\/ru\/wp-json\/wp\/v2\/product_cat?post=403518"},{"taxonomy":"product_tag","embeddable":true,"href":"https:\/\/irankiuzona.lt\/ru\/wp-json\/wp\/v2\/product_tag?post=403518"}],"curies":[{"name":"wp","href":"https:\/\/api.w.org\/{rel}","templated":true}]}}