{"id":403538,"date":"2025-05-15T16:11:02","date_gmt":"2025-05-15T16:11:02","guid":{"rendered":"https:\/\/irankiuzona.lt\/product\/pneumatine-slifavimo-masinele-apvaliu-padu-150mm-3\/"},"modified":"2026-04-12T15:24:48","modified_gmt":"2026-04-12T15:24:48","slug":"pneumatine-slifavimo-masinele-apvaliu-padu-150mm-3","status":"publish","type":"product","link":"https:\/\/irankiuzona.lt\/ru\/product\/pneumatine-slifavimo-masinele-apvaliu-padu-150mm-3\/","title":{"rendered":"PNEUMATIN\u0116 \u0160LIFAVIMO MA\u0160IN\u0116L\u0116, APVALIU PADU 150MM"},"content":{"rendered":"<p>Product FeaturesPalm grip for comfortable and easily controllingCompact lightweight designLow weight housing with rubberized overmoldBuilt-in air regulator allows to adjust sanding speed6mm Orbital Diameter for super-fine finishesRear exhausting &#8211; self-vacuum<br \/>\nTechnical DataVelcro Sanding Pad: 6&quot; \/ 152mmMaximum Sanding Speed: 9000 rpmRecommended Operating Pressure: 6.3 barAir consumption at recommended operating pressure: 127 L\/minAir Inlet Size: 1\/4&quot;Minimum Hose Size: 3\/8&quot; \/ 10 mmOrbital Diameter: 5 mmVacuum Type: Self-GeneratedNoise Level: 77 dB<\/p>","protected":false},"excerpt":{"rendered":"<p>PNEUMATIN\u0116 \u0160LIFAVIMO MA\u0160IN\u0116L\u0116, APVALIU PADU 150MM<\/p>","protected":false},"featured_media":255031,"comment_status":"open","ping_status":"open","template":"","meta":[],"product_cat":[9676],"product_tag":[9810],"class_list":{"0":"post-403538","1":"product","2":"type-product","3":"status-publish","4":"has-post-thumbnail","6":"product_brand-geko-lenkija","7":"product_cat-pneumatiniai-slifuokliai-ju-priedai","8":"product_tag-geko-lenkija","10":"first","11":"instock","12":"purchasable","13":"product-type-simple"},"jetpack_sharing_enabled":true,"_links":{"self":[{"href":"https:\/\/irankiuzona.lt\/ru\/wp-json\/wp\/v2\/product\/403538","targetHints":{"allow":["GET"]}}],"collection":[{"href":"https:\/\/irankiuzona.lt\/ru\/wp-json\/wp\/v2\/product"}],"about":[{"href":"https:\/\/irankiuzona.lt\/ru\/wp-json\/wp\/v2\/types\/product"}],"replies":[{"embeddable":true,"href":"https:\/\/irankiuzona.lt\/ru\/wp-json\/wp\/v2\/comments?post=403538"}],"version-history":[{"count":1,"href":"https:\/\/irankiuzona.lt\/ru\/wp-json\/wp\/v2\/product\/403538\/revisions"}],"predecessor-version":[{"id":420205,"href":"https:\/\/irankiuzona.lt\/ru\/wp-json\/wp\/v2\/product\/403538\/revisions\/420205"}],"wp:featuredmedia":[{"embeddable":true,"href":"https:\/\/irankiuzona.lt\/ru\/wp-json\/wp\/v2\/media\/255031"}],"wp:attachment":[{"href":"https:\/\/irankiuzona.lt\/ru\/wp-json\/wp\/v2\/media?parent=403538"}],"wp:term":[{"taxonomy":"product_cat","embeddable":true,"href":"https:\/\/irankiuzona.lt\/ru\/wp-json\/wp\/v2\/product_cat?post=403538"},{"taxonomy":"product_tag","embeddable":true,"href":"https:\/\/irankiuzona.lt\/ru\/wp-json\/wp\/v2\/product_tag?post=403538"}],"curies":[{"name":"wp","href":"https:\/\/api.w.org\/{rel}","templated":true}]}}