{"id":403542,"date":"2025-05-15T16:11:07","date_gmt":"2025-05-15T16:11:07","guid":{"rendered":"https:\/\/irankiuzona.lt\/product\/irankiai-luzusiu-pakaitinimo-zvakiu-issukimui-m8x1-ir-m10x1-10\/"},"modified":"2026-03-17T04:05:30","modified_gmt":"2026-03-17T04:05:30","slug":"irankiai-luzusiu-pakaitinimo-zvakiu-issukimui-m8x1-ir-m10x1-10","status":"publish","type":"product","link":"https:\/\/irankiuzona.lt\/ru\/product\/irankiai-luzusiu-pakaitinimo-zvakiu-issukimui-m8x1-ir-m10x1-10\/","title":{"rendered":"\u012eRANKIAI L\u016a\u017dUSI\u0172 PAKAITINIMO \u017dVAKI\u0172 I\u0160SUKIMUI M8X1 IR M10X1"},"content":{"rendered":"<p>Product DescriptionFor removing the broken piece of heater element that can break off during glow plug removal. Works by drilling\/tapping a thread into the broken element so the supplied glow plug adaptors can be used to extract.<br \/>\nPackage Content:2 pcs Threaded Rods M4x0.7, length 180 mm1 pc Threaded Rod M3x0.5, length 180 mmHSS Drill 2.5 x 120mm &#038; HSS Drill 3.3mm x 140mmTaps: M3 x 0.5, M4 x 0.7mm, length 100 mmDrilling Guides: M8 x 1, M10 x 1, M10 x 1.25 mm3 pcs Extractor Nuts<\/p>","protected":false},"excerpt":{"rendered":"<p>\u012eRANKIAI L\u016a\u017dUSI\u0172 PAKAITINIMO \u017dVAKI\u0172 I\u0160SUKIMUI M8X1 IR M10X1<\/p>","protected":false},"featured_media":255037,"comment_status":"open","ping_status":"open","template":"","meta":[],"product_cat":[9699],"product_tag":[9810],"class_list":{"0":"post-403542","1":"product","2":"type-product","3":"status-publish","4":"has-post-thumbnail","6":"product_brand-geko-lenkija","7":"product_cat-uzluzusiu-zvakiu-remontui","8":"product_tag-geko-lenkija","10":"first","11":"outofstock","12":"purchasable","13":"product-type-simple"},"jetpack_sharing_enabled":true,"_links":{"self":[{"href":"https:\/\/irankiuzona.lt\/ru\/wp-json\/wp\/v2\/product\/403542","targetHints":{"allow":["GET"]}}],"collection":[{"href":"https:\/\/irankiuzona.lt\/ru\/wp-json\/wp\/v2\/product"}],"about":[{"href":"https:\/\/irankiuzona.lt\/ru\/wp-json\/wp\/v2\/types\/product"}],"replies":[{"embeddable":true,"href":"https:\/\/irankiuzona.lt\/ru\/wp-json\/wp\/v2\/comments?post=403542"}],"version-history":[{"count":1,"href":"https:\/\/irankiuzona.lt\/ru\/wp-json\/wp\/v2\/product\/403542\/revisions"}],"predecessor-version":[{"id":420207,"href":"https:\/\/irankiuzona.lt\/ru\/wp-json\/wp\/v2\/product\/403542\/revisions\/420207"}],"wp:featuredmedia":[{"embeddable":true,"href":"https:\/\/irankiuzona.lt\/ru\/wp-json\/wp\/v2\/media\/255037"}],"wp:attachment":[{"href":"https:\/\/irankiuzona.lt\/ru\/wp-json\/wp\/v2\/media?parent=403542"}],"wp:term":[{"taxonomy":"product_cat","embeddable":true,"href":"https:\/\/irankiuzona.lt\/ru\/wp-json\/wp\/v2\/product_cat?post=403542"},{"taxonomy":"product_tag","embeddable":true,"href":"https:\/\/irankiuzona.lt\/ru\/wp-json\/wp\/v2\/product_tag?post=403542"}],"curies":[{"name":"wp","href":"https:\/\/api.w.org\/{rel}","templated":true}]}}