{"id":403544,"date":"2025-05-15T16:11:10","date_gmt":"2025-05-15T16:11:10","guid":{"rendered":"https:\/\/irankiuzona.lt\/product\/varines-tarpines-poverzles-300vnt-2\/"},"modified":"2026-04-12T23:02:45","modified_gmt":"2026-04-12T23:02:45","slug":"varines-tarpines-poverzles-300vnt-2","status":"publish","type":"product","link":"https:\/\/irankiuzona.lt\/ru\/product\/varines-tarpines-poverzles-300vnt-2\/","title":{"rendered":"Varin\u0117s tarpin\u0117s (pover\u017el\u0117s) 300vnt"},"content":{"rendered":"<p>Product Description300 pcs Flat washers set made of copper. Copper washers are corrosion resistant in wet environments, nonmagnetic, and electrically conductive.<br \/>\nPackage Contents [I.D. x O.D. x thick.]:10 pieces &#8211; 5 x 9 x 1.0 mm10 pieces &#8211; 6 x 10 x 1.0 mm10 pieces &#8211; 6 x 12 x 1.0 mm10 pieces &#8211; 8 x 12 x 1.0 mm10 pieces &#8211; 8 x 14 x 1.0 mm10 pieces &#8211; 8 x 14 x 1.5 mm10 pieces &#8211; 9 x 14 x 1.0 mm10 pieces &#8211; 10 x 14 x 1.0 mm10 pieces &#8211; 10 x 14 x 1.5 mm10 pieces &#8211; 10 x 16 x 1.0 mm10 pieces &#8211; 12 x 16 x 1.0 mm10 pieces &#8211; 12 x 16 x 1.5 mm10 pieces &#8211; 12 x 18 x 1.5 mm10 pieces &#8211; 13 x 18 x 1.0 mm10 pieces &#8211; 14 x 18 x 1.5 mm10 pieces &#8211; 14 x 20 x 1.5 mm10 pieces &#8211; 14 x 20 x 2.0 mm10 pieces &#8211; 16 x 20 x 1.5 mm10 pieces &#8211; 16 x 22 x 1.5 mm10 pieces &#8211; 18 x 22 x 1.5 mm10 pieces &#8211; 18 x 24 x 1.5 mm10 pieces &#8211; 20 x 24.5 x 1.5 mm10 pieces &#8211; 20 x 24.5 x 0.8 mm10 pieces &#8211; 19 x 26 x 2.0 mm10 pieces &#8211; 22 x 27 x 1.5 mm10 pieces &#8211; 22 x 29 x 1.5 mm10 pieces &#8211; 24 x 29 x 1.5 mm10 pieces &#8211; 24 x 32 x 2.0 mm10 pieces &#8211; 26 x 34 x 2.0 mm10 pieces &#8211; 28 x 36 x 2.0 mm<\/p>\n","protected":false},"excerpt":{"rendered":"<p>Varin\u0117s tarpin\u0117s (pover\u017el\u0117s) 300vnt<\/p>","protected":false},"featured_media":255040,"comment_status":"open","ping_status":"open","template":"","meta":[],"product_cat":[9438],"product_tag":[9810],"class_list":{"0":"post-403544","1":"product","2":"type-product","3":"status-publish","4":"has-post-thumbnail","6":"product_brand-geko-lenkija","7":"product_cat-tarpines-savarzos-smeiges-kaisciai-ir-kiti-rinkiniai","8":"product_tag-geko-lenkija","10":"first","11":"outofstock","12":"purchasable","13":"product-type-simple"},"jetpack_sharing_enabled":true,"_links":{"self":[{"href":"https:\/\/irankiuzona.lt\/ru\/wp-json\/wp\/v2\/product\/403544","targetHints":{"allow":["GET"]}}],"collection":[{"href":"https:\/\/irankiuzona.lt\/ru\/wp-json\/wp\/v2\/product"}],"about":[{"href":"https:\/\/irankiuzona.lt\/ru\/wp-json\/wp\/v2\/types\/product"}],"replies":[{"embeddable":true,"href":"https:\/\/irankiuzona.lt\/ru\/wp-json\/wp\/v2\/comments?post=403544"}],"version-history":[{"count":1,"href":"https:\/\/irankiuzona.lt\/ru\/wp-json\/wp\/v2\/product\/403544\/revisions"}],"predecessor-version":[{"id":420208,"href":"https:\/\/irankiuzona.lt\/ru\/wp-json\/wp\/v2\/product\/403544\/revisions\/420208"}],"wp:featuredmedia":[{"embeddable":true,"href":"https:\/\/irankiuzona.lt\/ru\/wp-json\/wp\/v2\/media\/255040"}],"wp:attachment":[{"href":"https:\/\/irankiuzona.lt\/ru\/wp-json\/wp\/v2\/media?parent=403544"}],"wp:term":[{"taxonomy":"product_cat","embeddable":true,"href":"https:\/\/irankiuzona.lt\/ru\/wp-json\/wp\/v2\/product_cat?post=403544"},{"taxonomy":"product_tag","embeddable":true,"href":"https:\/\/irankiuzona.lt\/ru\/wp-json\/wp\/v2\/product_tag?post=403544"}],"curies":[{"name":"wp","href":"https:\/\/api.w.org\/{rel}","templated":true}]}}