{"id":403598,"date":"2025-05-15T16:16:38","date_gmt":"2025-05-15T16:16:38","guid":{"rendered":"https:\/\/irankiuzona.lt\/product\/transportavimo-vezimelis-200kg-2in1-sulanstomas-2\/"},"modified":"2026-04-10T19:12:15","modified_gmt":"2026-04-10T19:12:15","slug":"transportavimo-vezimelis-200kg-2in1-sulanstomas-2","status":"publish","type":"product","link":"https:\/\/irankiuzona.lt\/ru\/product\/transportavimo-vezimelis-200kg-2in1-sulanstomas-2\/","title":{"rendered":"Transportavimo ve\u017eim\u0117lis 200kg 2in1 sulanstomas"},"content":{"rendered":"","protected":false},"excerpt":{"rendered":"<p>Transportavimo ve\u017eim\u0117lis 200kg 2in1 sulanstomas<\/p>","protected":false},"featured_media":255786,"comment_status":"open","ping_status":"open","template":"","meta":[],"product_cat":[9670],"product_tag":[9810],"class_list":{"0":"post-403598","1":"product","2":"type-product","3":"status-publish","4":"has-post-thumbnail","6":"product_brand-geko-lenkija","7":"product_cat-transportavimo-vezimai","8":"product_tag-geko-lenkija","10":"first","11":"instock","12":"purchasable","13":"product-type-simple"},"jetpack_sharing_enabled":true,"_links":{"self":[{"href":"https:\/\/irankiuzona.lt\/ru\/wp-json\/wp\/v2\/product\/403598","targetHints":{"allow":["GET"]}}],"collection":[{"href":"https:\/\/irankiuzona.lt\/ru\/wp-json\/wp\/v2\/product"}],"about":[{"href":"https:\/\/irankiuzona.lt\/ru\/wp-json\/wp\/v2\/types\/product"}],"replies":[{"embeddable":true,"href":"https:\/\/irankiuzona.lt\/ru\/wp-json\/wp\/v2\/comments?post=403598"}],"version-history":[{"count":1,"href":"https:\/\/irankiuzona.lt\/ru\/wp-json\/wp\/v2\/product\/403598\/revisions"}],"predecessor-version":[{"id":420450,"href":"https:\/\/irankiuzona.lt\/ru\/wp-json\/wp\/v2\/product\/403598\/revisions\/420450"}],"wp:featuredmedia":[{"embeddable":true,"href":"https:\/\/irankiuzona.lt\/ru\/wp-json\/wp\/v2\/media\/255786"}],"wp:attachment":[{"href":"https:\/\/irankiuzona.lt\/ru\/wp-json\/wp\/v2\/media?parent=403598"}],"wp:term":[{"taxonomy":"product_cat","embeddable":true,"href":"https:\/\/irankiuzona.lt\/ru\/wp-json\/wp\/v2\/product_cat?post=403598"},{"taxonomy":"product_tag","embeddable":true,"href":"https:\/\/irankiuzona.lt\/ru\/wp-json\/wp\/v2\/product_tag?post=403598"}],"curies":[{"name":"wp","href":"https:\/\/api.w.org\/{rel}","templated":true}]}}